{"id":17457,"date":"2017-03-21T08:15:38","date_gmt":"2017-03-21T08:15:38","guid":{"rendered":"https:\/\/kapwatravel.com\/?page_id=17457\/"},"modified":"2025-03-21T02:11:38","modified_gmt":"2025-03-21T02:11:38","slug":"entdecke-mindanao-reise-das-land-der-versprechen-mit-seinen-versteckten-edelsteinen","status":"publish","type":"page","link":"https:\/\/kapwatravel.com\/de\/unsere-touren\/entdecke-mindanao-reise-das-land-der-versprechen-mit-seinen-versteckten-edelsteinen\/","title":{"rendered":"Entdecke Mindanao: Reise das &#8222;Land der Versprechen&#8220; mit seinen versteckten Edelsteinen"},"content":{"rendered":"<p style=\"text-align: justify;\">Mindanao hat alles: sch\u00f6ne und verlassene Str\u00e4nde, spektakul\u00e4re Landschaften und viele M\u00f6glichkeiten, <u> echte Abenteuer <\/u> zu erleben. Einige der ber\u00fchmtesten Reiseziele sind Camiguin, Davao City und Siargao als &#8222;Surfkapital der Philippinen&#8220;, nat\u00fcrlich.<\/p>\n<p style=\"text-align: justify;\">Aber wie w\u00e4re es mit Bukidnon, Agusan del Norte oder Mati in Davao Oriental? Wie w\u00e4re es mit dem Einzigartigen<a href=\"\/?p=16613\">&#8222;Kisses Islets&#8220; in Dinagat<\/a>? Das Team von <a href=\"\/\"> Kapwa Travel <\/a> liebt Mindanao und will das &#8222;Land der Versprechen&#8220; bekannter machen.<\/p>\n<h2><\/h2>\n<p><img decoding=\"async\" class=\"size-full wp-image-16614\" src=\"\/wp-content\/uploads\/2017\/01\/kisses-islets-libjo-dinagat.jpg\" alt=\"Kisses Islets, Dinagat Islands\" width=\"100%\" height=\"666\" srcset=\"https:\/\/kapwatravel.com\/wp-content\/uploads\/2017\/01\/kisses-islets-libjo-dinagat.jpg 1000w, https:\/\/kapwatravel.com\/wp-content\/uploads\/2017\/01\/kisses-islets-libjo-dinagat-300x200.jpg 300w, https:\/\/kapwatravel.com\/wp-content\/uploads\/2017\/01\/kisses-islets-libjo-dinagat-768x511.jpg 768w\" sizes=\"(max-width: 1000px) 100vw, 1000px\" \/><\/a> K\u00fcsse-Inseln, Libjo, Dinagat-Inseln<\/p>\n<h2>Northern Mindanao Abenteuer<\/h2>\n<p>Eine m\u00f6gliche Route f\u00fcr Anf\u00e4nger k\u00f6nnte eine Kombination aus Camiguin und Cagayan sein.<\/p>\n<p>Tag 1: Sie kommen in Camiguin mit dem Flugzeug an &#8211; es gibt Fl\u00fcge von Cebu nach Camiguin mit Cebu Pacific Air. Am Flughafen werden Sie abgeholt und zu einem sch\u00f6nen Strandh\u00e4uschen gebracht und genie\u00dfen Sie den Rest des Tages, der sich an Ihre neue sch\u00f6ne Umgebung gew\u00f6hnt hat.<\/p>\n<p>Tag 2: Auf einer spannenden Tour um die Insel entdecken Sie kalte Quellen, die &#8222;Ardent Hot Springs&#8220;, die &#8222;Katibawasan Falls&#8220; und viele andere Sehensw\u00fcrdigkeiten, bevor Sie den Sonnenuntergang auf einer wei\u00dfen Sandbank mit einem beeindruckenden Blick auf Camiguin genie\u00dfen werden.<\/p>\n<p>Tag 3: Mantigue Island wird Ihr Insel Hopping Ziel f\u00fcr heute sein. Sie werden tauchen oder sogar schnorcheln in kristallklarem Wasser und genie\u00dfen Sie einen leckeren Grill am Strand.<\/p>\n<p>Tag 4: Sie fahren nach Cagayan de Oro, die &#8222;Stadt der goldenen Freundschaft&#8220; und Check-in in Ihrem Hotel. Entdecken Sie den Markt und eine trendige Bar am Nachmittag.<\/p>\n<p>Tag 5: Cagayan ist bekannt f\u00fcr sein &#8222;Wildwasser-Rafting&#8220;. Sie werden fr\u00fch am Morgen beginnen und nach dem Rafting des Flusses entdecken Sie den Naturpark Mapawa, w\u00e4hrend Sie reiten und auf ein Zipline-Abenteuer gehen.<\/p>\n<p>Tag 6: Nach dem Check-out werden Sie zum Flughafen gebracht, um zur\u00fcck nach Cebu, Manila oder Davao City zu fliegen.<\/p>\n<p>Erfahren Sie mehr \u00fcber dieses Mindanao Tourpaket. Sie k\u00f6nnen auch <a href=\"\/?page_id=16490\"> sich mit uns in Verbindung setzen <\/a>, und wir werden diese Abenteuerreise f\u00fcr Sie anpassen.<\/p>\n","protected":false},"excerpt":{"rendered":"<p>Mindanao hat alles: sch\u00f6ne und verlassene Str\u00e4nde, spektakul\u00e4re Landschaften und viele M\u00f6glichkeiten, echte Abenteuer zu erleben. Einige der ber\u00fchmtesten Reiseziele sind Camiguin, Davao City und Siargao als &#8222;Surfkapital der Philippinen&#8220;, nat\u00fcrlich. Aber wie w\u00e4re es mit Bukidnon, Agusan del Norte oder Mati in Davao Oriental? Wie w\u00e4re es mit dem Einzigartigen&#8222;Kisses Islets&#8220; in Dinagat? Das [&hellip;]<\/p>\n","protected":false},"author":4,"featured_media":0,"parent":17294,"menu_order":0,"comment_status":"closed","ping_status":"closed","template":"","meta":{"_et_pb_use_builder":"off","_et_pb_old_content":"<p>[et_pb_section admin_label=\"section\"]<br \/>[et_pb_row admin_label=\"row\"]<br \/>[et_pb_column type=\"4_4\"][et_pb_text admin_label=\"Text\"]<\/p><p style=\"text-align: justify;\">Mindanao hat alles: sch\u00f6ne und verlassene Str\u00e4nde, spektakul\u00e4re Landschaften und viele M\u00f6glichkeiten, <u> echte Abenteuer <\/u> zu erleben. Einige der ber\u00fchmtesten Reiseziele sind Camiguin, Davao City und Siargao als \"Surfkapital der Philippinen\", nat\u00fcrlich.<\/p><p style=\"text-align: justify;\">Aber wie w\u00e4re es mit Bukidnon, Agusan del Norte oder Mati in Davao Oriental? Wie w\u00e4re es mit dem Einzigartigen<a href=\"\/?p=16613\">\"Kisses Islets\" in Dinagat<\/a>? Das Team von <a href=\"\/\"> Kapwa Travel <\/a> liebt Mindanao und will das \"Land der Versprechen\" bekannter machen.<\/p><h2>\u00a0<\/h2>[caption id=\"attachment_16614\" align=\"aligncenter\" width=\"1000\"]<a href=\"\/wp-content\/uploads\/2017\/01\/kisses-islets-libjo-dinagat.jpg\"><img class=\"size-full wp-image-16614\" src=\"\/wp-content\/uploads\/2017\/01\/kisses-islets-libjo-dinagat.jpg\" alt=\"Kisses Islets, Dinagat Islands\" width=\"1000\" height=\"666\" \/><\/a> K\u00fcsse-Inseln, Libjo, Dinagat-Inseln[\/caption]<h2>Northern Mindanao Abenteuer<\/h2><p>Eine m\u00f6gliche Route f\u00fcr Anf\u00e4nger k\u00f6nnte eine Kombination aus Camiguin und Cagayan sein.<\/p><p>Tag 1: Sie kommen in Camiguin mit dem Flugzeug an - es gibt Fl\u00fcge von Cebu nach Camiguin mit Cebu Pacific Air. Am Flughafen werden Sie abgeholt und zu einem sch\u00f6nen Strandh\u00e4uschen gebracht und genie\u00dfen Sie den Rest des Tages, der sich an Ihre neue sch\u00f6ne Umgebung gew\u00f6hnt hat.<\/p><p>Tag 2: Auf einer spannenden Tour um die Insel entdecken Sie kalte Quellen, die \"Ardent Hot Springs\", die \"Katibawasan Falls\" und viele andere Sehensw\u00fcrdigkeiten, bevor Sie den Sonnenuntergang auf einer wei\u00dfen Sandbank mit einem beeindruckenden Blick auf Camiguin genie\u00dfen werden.<\/p><p>Tag 3: Mantigue Island wird Ihr Insel Hopping Ziel f\u00fcr heute sein. Sie werden tauchen oder sogar schnorcheln in kristallklarem Wasser und genie\u00dfen Sie einen leckeren Grill am Strand.<\/p><p>Tag 4: Sie fahren nach Cagayan de Oro, die \"Stadt der goldenen Freundschaft\" und Check-in in Ihrem Hotel. Entdecken Sie den Markt und eine trendige Bar am Nachmittag.<\/p><p>Tag 5: Cagayan ist bekannt f\u00fcr sein \"Wildwasser-Rafting\". Sie werden fr\u00fch am Morgen beginnen und nach dem Rafting des Flusses entdecken Sie den Naturpark Mapawa, w\u00e4hrend Sie reiten und auf ein Zipline-Abenteuer gehen.<\/p><p>Tag 6: Nach dem Check-out werden Sie zum Flughafen gebracht, um zur\u00fcck nach Cebu, Manila oder Davao City zu fliegen.<\/p><p>Erfahren Sie mehr \u00fcber dieses Mindanao Tourpaket. Sie k\u00f6nnen auch <a href=\"\/?page_id=16490\"> sich mit uns in Verbindung setzen <\/a>, und wir werden diese Abenteuerreise f\u00fcr Sie anpassen.[\/et_pb_text][\/et_pb_column]<br \/>[\/et_pb_row]<br \/>[\/et_pb_section]<\/p>","_et_gb_content_width":"","content-type":"","footnotes":""},"class_list":["post-17457","page","type-page","status-publish","hentry"],"yoast_head":"<!-- This site is optimized with the Yoast SEO plugin v27.2 - https:\/\/yoast.com\/product\/yoast-seo-wordpress\/ -->\n<title>Entdecke Mindanao: Reise das &quot;Land der Versprechen&quot; mit seinen versteckten Edelsteinen<\/title>\n<meta name=\"robots\" content=\"index, follow, max-snippet:-1, max-image-preview:large, max-video-preview:-1\" \/>\n<link rel=\"canonical\" href=\"https:\/\/kapwatravel.com\/de\/unsere-touren\/entdecke-mindanao-reise-das-land-der-versprechen-mit-seinen-versteckten-edelsteinen\/\" \/>\n<meta property=\"og:locale\" content=\"de_DE\" \/>\n<meta property=\"og:type\" content=\"article\" \/>\n<meta property=\"og:title\" content=\"Entdecke Mindanao: Reise das &quot;Land der Versprechen&quot; mit seinen versteckten Edelsteinen\" \/>\n<meta property=\"og:description\" content=\"Mindanao hat alles: sch\u00f6ne und verlassene Str\u00e4nde, spektakul\u00e4re Landschaften und viele M\u00f6glichkeiten, echte Abenteuer zu erleben. Einige der ber\u00fchmtesten Reiseziele sind Camiguin, Davao City und Siargao als &#8222;Surfkapital der Philippinen&#8220;, nat\u00fcrlich. Aber wie w\u00e4re es mit Bukidnon, Agusan del Norte oder Mati in Davao Oriental? Wie w\u00e4re es mit dem Einzigartigen&#8222;Kisses Islets&#8220; in Dinagat? Das [&hellip;]\" \/>\n<meta property=\"og:url\" content=\"https:\/\/kapwatravel.com\/de\/unsere-touren\/entdecke-mindanao-reise-das-land-der-versprechen-mit-seinen-versteckten-edelsteinen\/\" \/>\n<meta property=\"og:site_name\" content=\"Kapwa Travel\" \/>\n<meta property=\"article:modified_time\" content=\"2025-03-21T02:11:38+00:00\" \/>\n<meta name=\"twitter:card\" content=\"summary_large_image\" \/>\n<meta name=\"twitter:label1\" content=\"Gesch\u00e4tzte Lesezeit\" \/>\n\t<meta name=\"twitter:data1\" content=\"2\u00a0Minuten\" \/>\n<script type=\"application\/ld+json\" class=\"yoast-schema-graph\">{\"@context\":\"https:\/\/schema.org\",\"@graph\":[{\"@type\":\"WebPage\",\"@id\":\"https:\/\/kapwatravel.com\/de\/unsere-touren\/entdecke-mindanao-reise-das-land-der-versprechen-mit-seinen-versteckten-edelsteinen\/\",\"url\":\"https:\/\/kapwatravel.com\/de\/unsere-touren\/entdecke-mindanao-reise-das-land-der-versprechen-mit-seinen-versteckten-edelsteinen\/\",\"name\":\"Entdecke Mindanao: Reise das \\\"Land der Versprechen\\\" mit seinen versteckten Edelsteinen\",\"isPartOf\":{\"@id\":\"https:\/\/kapwatravel.com\/#website\"},\"datePublished\":\"2017-03-21T08:15:38+00:00\",\"dateModified\":\"2025-03-21T02:11:38+00:00\",\"breadcrumb\":{\"@id\":\"https:\/\/kapwatravel.com\/de\/unsere-touren\/entdecke-mindanao-reise-das-land-der-versprechen-mit-seinen-versteckten-edelsteinen\/#breadcrumb\"},\"inLanguage\":\"de\",\"potentialAction\":[{\"@type\":\"ReadAction\",\"target\":[\"https:\/\/kapwatravel.com\/de\/unsere-touren\/entdecke-mindanao-reise-das-land-der-versprechen-mit-seinen-versteckten-edelsteinen\/\"]}]},{\"@type\":\"BreadcrumbList\",\"@id\":\"https:\/\/kapwatravel.com\/de\/unsere-touren\/entdecke-mindanao-reise-das-land-der-versprechen-mit-seinen-versteckten-edelsteinen\/#breadcrumb\",\"itemListElement\":[{\"@type\":\"ListItem\",\"position\":1,\"name\":\"Home\",\"item\":\"https:\/\/kapwatravel.com\/de\/\"},{\"@type\":\"ListItem\",\"position\":2,\"name\":\"Unsere Touren\",\"item\":\"https:\/\/kapwatravel.com\/de\/unsere-touren\/\"},{\"@type\":\"ListItem\",\"position\":3,\"name\":\"Entdecke Mindanao: Reise das &#8220;Land der Versprechen&#8221; mit seinen versteckten Edelsteinen\"}]},{\"@type\":\"WebSite\",\"@id\":\"https:\/\/kapwatravel.com\/#website\",\"url\":\"https:\/\/kapwatravel.com\/\",\"name\":\"Kapwa Travel\",\"description\":\"Discover the Philippines\",\"potentialAction\":[{\"@type\":\"SearchAction\",\"target\":{\"@type\":\"EntryPoint\",\"urlTemplate\":\"https:\/\/kapwatravel.com\/?s={search_term_string}\"},\"query-input\":{\"@type\":\"PropertyValueSpecification\",\"valueRequired\":true,\"valueName\":\"search_term_string\"}}],\"inLanguage\":\"de\"}]}<\/script>\n<!-- \/ Yoast SEO plugin. -->","yoast_head_json":{"title":"Entdecke Mindanao: Reise das \"Land der Versprechen\" mit seinen versteckten Edelsteinen","robots":{"index":"index","follow":"follow","max-snippet":"max-snippet:-1","max-image-preview":"max-image-preview:large","max-video-preview":"max-video-preview:-1"},"canonical":"https:\/\/kapwatravel.com\/de\/unsere-touren\/entdecke-mindanao-reise-das-land-der-versprechen-mit-seinen-versteckten-edelsteinen\/","og_locale":"de_DE","og_type":"article","og_title":"Entdecke Mindanao: Reise das \"Land der Versprechen\" mit seinen versteckten Edelsteinen","og_description":"Mindanao hat alles: sch\u00f6ne und verlassene Str\u00e4nde, spektakul\u00e4re Landschaften und viele M\u00f6glichkeiten, echte Abenteuer zu erleben. Einige der ber\u00fchmtesten Reiseziele sind Camiguin, Davao City und Siargao als &#8222;Surfkapital der Philippinen&#8220;, nat\u00fcrlich. Aber wie w\u00e4re es mit Bukidnon, Agusan del Norte oder Mati in Davao Oriental? Wie w\u00e4re es mit dem Einzigartigen&#8222;Kisses Islets&#8220; in Dinagat? Das [&hellip;]","og_url":"https:\/\/kapwatravel.com\/de\/unsere-touren\/entdecke-mindanao-reise-das-land-der-versprechen-mit-seinen-versteckten-edelsteinen\/","og_site_name":"Kapwa Travel","article_modified_time":"2025-03-21T02:11:38+00:00","twitter_card":"summary_large_image","twitter_misc":{"Gesch\u00e4tzte Lesezeit":"2\u00a0Minuten"},"schema":{"@context":"https:\/\/schema.org","@graph":[{"@type":"WebPage","@id":"https:\/\/kapwatravel.com\/de\/unsere-touren\/entdecke-mindanao-reise-das-land-der-versprechen-mit-seinen-versteckten-edelsteinen\/","url":"https:\/\/kapwatravel.com\/de\/unsere-touren\/entdecke-mindanao-reise-das-land-der-versprechen-mit-seinen-versteckten-edelsteinen\/","name":"Entdecke Mindanao: Reise das \"Land der Versprechen\" mit seinen versteckten Edelsteinen","isPartOf":{"@id":"https:\/\/kapwatravel.com\/#website"},"datePublished":"2017-03-21T08:15:38+00:00","dateModified":"2025-03-21T02:11:38+00:00","breadcrumb":{"@id":"https:\/\/kapwatravel.com\/de\/unsere-touren\/entdecke-mindanao-reise-das-land-der-versprechen-mit-seinen-versteckten-edelsteinen\/#breadcrumb"},"inLanguage":"de","potentialAction":[{"@type":"ReadAction","target":["https:\/\/kapwatravel.com\/de\/unsere-touren\/entdecke-mindanao-reise-das-land-der-versprechen-mit-seinen-versteckten-edelsteinen\/"]}]},{"@type":"BreadcrumbList","@id":"https:\/\/kapwatravel.com\/de\/unsere-touren\/entdecke-mindanao-reise-das-land-der-versprechen-mit-seinen-versteckten-edelsteinen\/#breadcrumb","itemListElement":[{"@type":"ListItem","position":1,"name":"Home","item":"https:\/\/kapwatravel.com\/de\/"},{"@type":"ListItem","position":2,"name":"Unsere Touren","item":"https:\/\/kapwatravel.com\/de\/unsere-touren\/"},{"@type":"ListItem","position":3,"name":"Entdecke Mindanao: Reise das &#8220;Land der Versprechen&#8221; mit seinen versteckten Edelsteinen"}]},{"@type":"WebSite","@id":"https:\/\/kapwatravel.com\/#website","url":"https:\/\/kapwatravel.com\/","name":"Kapwa Travel","description":"Discover the Philippines","potentialAction":[{"@type":"SearchAction","target":{"@type":"EntryPoint","urlTemplate":"https:\/\/kapwatravel.com\/?s={search_term_string}"},"query-input":{"@type":"PropertyValueSpecification","valueRequired":true,"valueName":"search_term_string"}}],"inLanguage":"de"}]}},"_links":{"self":[{"href":"https:\/\/kapwatravel.com\/de\/wp-json\/wp\/v2\/pages\/17457","targetHints":{"allow":["GET"]}}],"collection":[{"href":"https:\/\/kapwatravel.com\/de\/wp-json\/wp\/v2\/pages"}],"about":[{"href":"https:\/\/kapwatravel.com\/de\/wp-json\/wp\/v2\/types\/page"}],"author":[{"embeddable":true,"href":"https:\/\/kapwatravel.com\/de\/wp-json\/wp\/v2\/users\/4"}],"replies":[{"embeddable":true,"href":"https:\/\/kapwatravel.com\/de\/wp-json\/wp\/v2\/comments?post=17457"}],"version-history":[{"count":8,"href":"https:\/\/kapwatravel.com\/de\/wp-json\/wp\/v2\/pages\/17457\/revisions"}],"predecessor-version":[{"id":45973,"href":"https:\/\/kapwatravel.com\/de\/wp-json\/wp\/v2\/pages\/17457\/revisions\/45973"}],"up":[{"embeddable":true,"href":"https:\/\/kapwatravel.com\/de\/wp-json\/wp\/v2\/pages\/17294"}],"wp:attachment":[{"href":"https:\/\/kapwatravel.com\/de\/wp-json\/wp\/v2\/media?parent=17457"}],"curies":[{"name":"wp","href":"https:\/\/api.w.org\/{rel}","templated":true}]}}