{"id":17369,"date":"2017-03-21T06:23:07","date_gmt":"2017-03-21T06:23:07","guid":{"rendered":"https:\/\/kapwatravel.com\/?page_id=17369\/"},"modified":"2018-08-24T08:20:15","modified_gmt":"2018-08-24T08:20:15","slug":"visayas-island-hopping-abenteuer","status":"publish","type":"page","link":"https:\/\/kapwatravel.com\/de\/unsere-touren\/visayas-island-hopping-abenteuer\/","title":{"rendered":"Visayas Island-Hopping Abenteuer"},"content":{"rendered":"<p style=\"text-align: justify;\">Einer unserer Lieblingstouren beginnt in Cebu, dem Herzen der Visayas. Wir holen Sie vom internationalen Flughafen Mactan-Cebu ab und bringen Sie zum luxuri\u00f6sen 5-Sterne Crimson Resort und Spa, wo Sie die ersten paar N\u00e4chte verbringen werden. Am ersten vollen Tag in Cebu werden wir Sie auf eine spannende Sightseeing-Tour bringen.<\/p>\n<p><em>Bitte beachten Sie: Wir freuen uns immer, unsere Touren f\u00fcr Sie anzupassen: Schicken Sie einfach eine E-Mail an mabuhay@kapwatravel.com und wir melden uns umgehend bei Ihnen! Hier finden Sie <a href=\"\/?page_id=16718\"> unsere 10-t\u00e4gige Tour hier<\/a>.<\/em><\/p>\n<p style=\"text-align: justify;\">Entdecken Sie die Kolonialgeschichte der Philippinen bei uns, wenn wir den Mactan-Schrein, das Fort San Pedro, das Yap-San Diego Ancestral House und andere historische Sehensw\u00fcrdigkeiten besuchen. Wir zeigen Ihnen den bunten Carbon Market &#8211; einen der \u00e4ltesten \u00f6ffentlichen M\u00e4rkte im ganzen Land. Ein extremer Kontrast wird die Ayala Mall sein, wo wir gemeinsam ein leckeres Mittagessen haben werden.<\/p>\n<div id=\"attachment_16503\" style=\"width: 610px\" class=\"wp-caption aligncenter\"><img decoding=\"async\" aria-describedby=\"caption-attachment-16503\" class=\"size-full wp-image-16503\" src=\"\/wp-content\/uploads\/2016\/11\/fort-san-pedro-cebu.jpg\" alt=\"visit Fort San Pedro\" width=\"600\" height=\"450\" srcset=\"https:\/\/kapwatravel.com\/wp-content\/uploads\/2016\/11\/fort-san-pedro-cebu.jpg 600w, https:\/\/kapwatravel.com\/wp-content\/uploads\/2016\/11\/fort-san-pedro-cebu-300x225.jpg 300w\" sizes=\"(max-width: 600px) 100vw, 600px\" \/><p id=\"caption-attachment-16503\" class=\"wp-caption-text\">Das Fort San Pedro ist die erste spanische Siedlung Philippins und liegt direkt am Seehafen<\/p><\/div>\n<div id=\"attachment_16506\" style=\"width: 610px\" class=\"wp-caption aligncenter\"><img decoding=\"async\" aria-describedby=\"caption-attachment-16506\" class=\"size-full wp-image-16506\" src=\"\/wp-content\/uploads\/2016\/11\/kapwa-travel-on-tour.jpg\" alt=\"Cebu sightseeing tour guide\" width=\"600\" height=\"450\" srcset=\"https:\/\/kapwatravel.com\/wp-content\/uploads\/2016\/11\/kapwa-travel-on-tour.jpg 600w, https:\/\/kapwatravel.com\/wp-content\/uploads\/2016\/11\/kapwa-travel-on-tour-300x225.jpg 300w\" sizes=\"(max-width: 600px) 100vw, 600px\" \/><p id=\"caption-attachment-16506\" class=\"wp-caption-text\">Wir nehmen pers\u00f6nlich unsere G\u00e4ste auf der Cebu Sightseeing Tour. Hier: John von Kapwa Reisen Sie mit zwei G\u00e4sten aus Deutschland und einem lokalen F\u00fchrer in den sch\u00f6nen Innenhof von Fort San Pedro.<\/p><\/div>\n<p>Nach einem langen Tag der Entdeckung, erreichen Sie den Taoist Tempel, der einen tollen Blick auf die Stadt bietet und dann wieder in Ihr Resort zur\u00fcckkehren wird.<\/p>\n<p>Am zweiten Tag gehst du auf einer Insel Hopping Tour mit mehreren Inseln vor Mactan &#8230;<br \/>\nIn short:<\/p>\n<p>3 Tage Cebu (Crimson Resort und Spa)<br \/>\n4 Tage Panglao Island (South Palms Resort)<br \/>\n4 Tage Siquijor (Coco Grove Beach Resort)<\/p>\n<p>Wir k\u00f6nnen unsere Visayas Reise- und Tour-Pakete immer anpassen. Nur <a href=\"\/?page_id=16490\"> schicke uns eine e-mail <\/a>, und wir freuen uns, eine individuelle Tour f\u00fcr euch zu entwerfen.<\/p>\n","protected":false},"excerpt":{"rendered":"<p>Einer unserer Lieblingstouren beginnt in Cebu, dem Herzen der Visayas. Wir holen Sie vom internationalen Flughafen Mactan-Cebu ab und bringen Sie zum luxuri\u00f6sen 5-Sterne Crimson Resort und Spa, wo Sie die ersten paar N\u00e4chte verbringen werden. Am ersten vollen Tag in Cebu werden wir Sie auf eine spannende Sightseeing-Tour bringen. Bitte beachten Sie: Wir freuen [&hellip;]<\/p>\n","protected":false},"author":4,"featured_media":0,"parent":17294,"menu_order":0,"comment_status":"closed","ping_status":"closed","template":"","meta":{"_et_pb_use_builder":"on","_et_pb_old_content":"<p style=\"text-align: justify;\">Einer unserer Lieblingstouren beginnt in Cebu, dem Herzen der Visayas. Wir holen Sie vom internationalen Flughafen Mactan-Cebu ab und bringen Sie zum luxuri\u00f6sen 5-Sterne Crimson Resort und Spa, wo Sie die ersten paar N\u00e4chte verbringen werden. Am ersten vollen Tag in Cebu werden wir Sie auf eine spannende Sightseeing-Tour bringen.<\/p>\r\n<em>Bitte beachten Sie: Wir freuen uns immer, unsere Touren f\u00fcr Sie anzupassen: Schicken Sie einfach eine E-Mail an mabuhay@kapwatravel.com und wir melden uns umgehend bei Ihnen! Hier finden Sie <a href=\"\/?page_id=16718\"> unsere 10-t\u00e4gige Tour hier<\/a>.<\/em>\r\n<p style=\"text-align: justify;\">Entdecken Sie die Kolonialgeschichte der Philippinen bei uns, wenn wir den Mactan-Schrein, das Fort San Pedro, das Yap-San Diego Ancestral House und andere historische Sehensw\u00fcrdigkeiten besuchen. Wir zeigen Ihnen den bunten Carbon Market - einen der \u00e4ltesten \u00f6ffentlichen M\u00e4rkte im ganzen Land. Ein extremer Kontrast wird die Ayala Mall sein, wo wir gemeinsam ein leckeres Mittagessen haben werden.<\/p>\r\n\r\n\r\n[caption id=\"attachment_16503\" align=\"aligncenter\" width=\"600\"]<img class=\"size-full wp-image-16503\" src=\"\/wp-content\/uploads\/2016\/11\/fort-san-pedro-cebu.jpg\" alt=\"visit Fort San Pedro\" width=\"600\" height=\"450\" \/>Das Fort San Pedro ist die erste spanische Siedlung Philippins und liegt direkt am Seehafen[\/caption]\r\n\r\n[caption id=\"attachment_16506\" align=\"aligncenter\" width=\"600\"]<img class=\"size-full wp-image-16506\" src=\"\/wp-content\/uploads\/2016\/11\/kapwa-travel-on-tour.jpg\" alt=\"Cebu sightseeing tour guide\" width=\"600\" height=\"450\" \/> Wir nehmen pers\u00f6nlich unsere G\u00e4ste auf der Cebu Sightseeing Tour. Hier: John von Kapwa Reisen Sie mit zwei G\u00e4sten aus Deutschland und einem lokalen F\u00fchrer in den sch\u00f6nen Innenhof von Fort San Pedro.[\/caption]\r\n\r\nNach einem langen Tag der Entdeckung, erreichen Sie den Taoist Tempel, der einen tollen Blick auf die Stadt bietet und dann wieder in Ihr Resort zur\u00fcckkehren wird.\r\n\r\nAm zweiten Tag gehst du auf einer Insel Hopping Tour mit mehreren Inseln vor Mactan ...\r\nIn short:\r\n\r\n3 Tage Cebu (Crimson Resort und Spa)\r\n4 Tage Panglao Island (South Palms Resort)\r\n4 Tage Siquijor (Coco Grove Beach Resort)\r\n\r\nWir k\u00f6nnen unsere Visayas Reise- und Tour-Pakete immer anpassen. Nur <a href=\"\/?page_id=16490\"> schicke uns eine e-mail <\/a>, und wir freuen uns, eine individuelle Tour f\u00fcr euch zu entwerfen.","_et_gb_content_width":"","content-type":"","footnotes":""},"class_list":["post-17369","page","type-page","status-publish","hentry"],"yoast_head":"<!-- This site is optimized with the Yoast SEO plugin v27.2 - https:\/\/yoast.com\/product\/yoast-seo-wordpress\/ -->\n<title>Visayas Island-Hopping Abenteuer<\/title>\n<meta name=\"robots\" content=\"index, follow, max-snippet:-1, max-image-preview:large, max-video-preview:-1\" \/>\n<link rel=\"canonical\" href=\"https:\/\/kapwatravel.com\/de\/unsere-touren\/visayas-island-hopping-abenteuer\/\" \/>\n<meta property=\"og:locale\" content=\"de_DE\" \/>\n<meta property=\"og:type\" content=\"article\" \/>\n<meta property=\"og:title\" content=\"Visayas Island-Hopping Abenteuer\" \/>\n<meta property=\"og:description\" content=\"Einer unserer Lieblingstouren beginnt in Cebu, dem Herzen der Visayas. Wir holen Sie vom internationalen Flughafen Mactan-Cebu ab und bringen Sie zum luxuri\u00f6sen 5-Sterne Crimson Resort und Spa, wo Sie die ersten paar N\u00e4chte verbringen werden. Am ersten vollen Tag in Cebu werden wir Sie auf eine spannende Sightseeing-Tour bringen. Bitte beachten Sie: Wir freuen [&hellip;]\" \/>\n<meta property=\"og:url\" content=\"https:\/\/kapwatravel.com\/de\/unsere-touren\/visayas-island-hopping-abenteuer\/\" \/>\n<meta property=\"og:site_name\" content=\"Kapwa Travel\" \/>\n<meta property=\"article:modified_time\" content=\"2018-08-24T08:20:15+00:00\" \/>\n<meta name=\"twitter:card\" content=\"summary_large_image\" \/>\n<meta name=\"twitter:label1\" content=\"Gesch\u00e4tzte Lesezeit\" \/>\n\t<meta name=\"twitter:data1\" content=\"2\u00a0Minuten\" \/>\n<script type=\"application\/ld+json\" class=\"yoast-schema-graph\">{\"@context\":\"https:\/\/schema.org\",\"@graph\":[{\"@type\":\"WebPage\",\"@id\":\"https:\/\/kapwatravel.com\/de\/unsere-touren\/visayas-island-hopping-abenteuer\/\",\"url\":\"https:\/\/kapwatravel.com\/de\/unsere-touren\/visayas-island-hopping-abenteuer\/\",\"name\":\"Visayas Island-Hopping Abenteuer\",\"isPartOf\":{\"@id\":\"https:\/\/kapwatravel.com\/#website\"},\"datePublished\":\"2017-03-21T06:23:07+00:00\",\"dateModified\":\"2018-08-24T08:20:15+00:00\",\"breadcrumb\":{\"@id\":\"https:\/\/kapwatravel.com\/de\/unsere-touren\/visayas-island-hopping-abenteuer\/#breadcrumb\"},\"inLanguage\":\"de\",\"potentialAction\":[{\"@type\":\"ReadAction\",\"target\":[\"https:\/\/kapwatravel.com\/de\/unsere-touren\/visayas-island-hopping-abenteuer\/\"]}]},{\"@type\":\"BreadcrumbList\",\"@id\":\"https:\/\/kapwatravel.com\/de\/unsere-touren\/visayas-island-hopping-abenteuer\/#breadcrumb\",\"itemListElement\":[{\"@type\":\"ListItem\",\"position\":1,\"name\":\"Home\",\"item\":\"https:\/\/kapwatravel.com\/de\/\"},{\"@type\":\"ListItem\",\"position\":2,\"name\":\"Unsere Touren\",\"item\":\"https:\/\/kapwatravel.com\/de\/unsere-touren\/\"},{\"@type\":\"ListItem\",\"position\":3,\"name\":\"Visayas Island-Hopping Abenteuer\"}]},{\"@type\":\"WebSite\",\"@id\":\"https:\/\/kapwatravel.com\/#website\",\"url\":\"https:\/\/kapwatravel.com\/\",\"name\":\"Kapwa Travel\",\"description\":\"Discover the Philippines\",\"potentialAction\":[{\"@type\":\"SearchAction\",\"target\":{\"@type\":\"EntryPoint\",\"urlTemplate\":\"https:\/\/kapwatravel.com\/?s={search_term_string}\"},\"query-input\":{\"@type\":\"PropertyValueSpecification\",\"valueRequired\":true,\"valueName\":\"search_term_string\"}}],\"inLanguage\":\"de\"}]}<\/script>\n<!-- \/ Yoast SEO plugin. -->","yoast_head_json":{"title":"Visayas Island-Hopping Abenteuer","robots":{"index":"index","follow":"follow","max-snippet":"max-snippet:-1","max-image-preview":"max-image-preview:large","max-video-preview":"max-video-preview:-1"},"canonical":"https:\/\/kapwatravel.com\/de\/unsere-touren\/visayas-island-hopping-abenteuer\/","og_locale":"de_DE","og_type":"article","og_title":"Visayas Island-Hopping Abenteuer","og_description":"Einer unserer Lieblingstouren beginnt in Cebu, dem Herzen der Visayas. Wir holen Sie vom internationalen Flughafen Mactan-Cebu ab und bringen Sie zum luxuri\u00f6sen 5-Sterne Crimson Resort und Spa, wo Sie die ersten paar N\u00e4chte verbringen werden. Am ersten vollen Tag in Cebu werden wir Sie auf eine spannende Sightseeing-Tour bringen. Bitte beachten Sie: Wir freuen [&hellip;]","og_url":"https:\/\/kapwatravel.com\/de\/unsere-touren\/visayas-island-hopping-abenteuer\/","og_site_name":"Kapwa Travel","article_modified_time":"2018-08-24T08:20:15+00:00","twitter_card":"summary_large_image","twitter_misc":{"Gesch\u00e4tzte Lesezeit":"2\u00a0Minuten"},"schema":{"@context":"https:\/\/schema.org","@graph":[{"@type":"WebPage","@id":"https:\/\/kapwatravel.com\/de\/unsere-touren\/visayas-island-hopping-abenteuer\/","url":"https:\/\/kapwatravel.com\/de\/unsere-touren\/visayas-island-hopping-abenteuer\/","name":"Visayas Island-Hopping Abenteuer","isPartOf":{"@id":"https:\/\/kapwatravel.com\/#website"},"datePublished":"2017-03-21T06:23:07+00:00","dateModified":"2018-08-24T08:20:15+00:00","breadcrumb":{"@id":"https:\/\/kapwatravel.com\/de\/unsere-touren\/visayas-island-hopping-abenteuer\/#breadcrumb"},"inLanguage":"de","potentialAction":[{"@type":"ReadAction","target":["https:\/\/kapwatravel.com\/de\/unsere-touren\/visayas-island-hopping-abenteuer\/"]}]},{"@type":"BreadcrumbList","@id":"https:\/\/kapwatravel.com\/de\/unsere-touren\/visayas-island-hopping-abenteuer\/#breadcrumb","itemListElement":[{"@type":"ListItem","position":1,"name":"Home","item":"https:\/\/kapwatravel.com\/de\/"},{"@type":"ListItem","position":2,"name":"Unsere Touren","item":"https:\/\/kapwatravel.com\/de\/unsere-touren\/"},{"@type":"ListItem","position":3,"name":"Visayas Island-Hopping Abenteuer"}]},{"@type":"WebSite","@id":"https:\/\/kapwatravel.com\/#website","url":"https:\/\/kapwatravel.com\/","name":"Kapwa Travel","description":"Discover the Philippines","potentialAction":[{"@type":"SearchAction","target":{"@type":"EntryPoint","urlTemplate":"https:\/\/kapwatravel.com\/?s={search_term_string}"},"query-input":{"@type":"PropertyValueSpecification","valueRequired":true,"valueName":"search_term_string"}}],"inLanguage":"de"}]}},"_links":{"self":[{"href":"https:\/\/kapwatravel.com\/de\/wp-json\/wp\/v2\/pages\/17369","targetHints":{"allow":["GET"]}}],"collection":[{"href":"https:\/\/kapwatravel.com\/de\/wp-json\/wp\/v2\/pages"}],"about":[{"href":"https:\/\/kapwatravel.com\/de\/wp-json\/wp\/v2\/types\/page"}],"author":[{"embeddable":true,"href":"https:\/\/kapwatravel.com\/de\/wp-json\/wp\/v2\/users\/4"}],"replies":[{"embeddable":true,"href":"https:\/\/kapwatravel.com\/de\/wp-json\/wp\/v2\/comments?post=17369"}],"version-history":[{"count":3,"href":"https:\/\/kapwatravel.com\/de\/wp-json\/wp\/v2\/pages\/17369\/revisions"}],"predecessor-version":[{"id":28832,"href":"https:\/\/kapwatravel.com\/de\/wp-json\/wp\/v2\/pages\/17369\/revisions\/28832"}],"up":[{"embeddable":true,"href":"https:\/\/kapwatravel.com\/de\/wp-json\/wp\/v2\/pages\/17294"}],"wp:attachment":[{"href":"https:\/\/kapwatravel.com\/de\/wp-json\/wp\/v2\/media?parent=17369"}],"curies":[{"name":"wp","href":"https:\/\/api.w.org\/{rel}","templated":true}]}}