{"id":17319,"date":"2017-03-21T05:47:15","date_gmt":"2017-03-21T05:47:15","guid":{"rendered":"https:\/\/kapwatravel.com\/?page_id=17319\/"},"modified":"2018-08-24T08:11:57","modified_gmt":"2018-08-24T08:11:57","slug":"palawan","status":"publish","type":"page","link":"https:\/\/kapwatravel.com\/de\/unsere-touren\/palawan\/","title":{"rendered":"Palawan"},"content":{"rendered":"<p style=\"text-align: justify;\">Unsere individuellen Palawan Tourpakete f\u00fchren zu einigen der sch\u00f6nsten Orte, die die Philippinen zu bieten haben. Es gibt mehrere M\u00f6glichkeiten, um Ihre Reise im westlichen Teil des Landes zu beginnen. Sie k\u00f6nnten entweder in Puerto Princesa, El Nido oder sogar in Coron Town auf Busuanga Island starten.<\/p>\n<div id=\"attachment_16543\" style=\"width: 610px\" class=\"wp-caption aligncenter\"><img decoding=\"async\" aria-describedby=\"caption-attachment-16543\" class=\"size-full wp-image-16543\" src=\"\/wp-content\/uploads\/2016\/12\/el-nido-lagen-resort.jpg\" alt=\"El Nido Lagen Island Resort\" width=\"600\" height=\"398\" srcset=\"https:\/\/kapwatravel.com\/wp-content\/uploads\/2016\/12\/el-nido-lagen-resort.jpg 600w, https:\/\/kapwatravel.com\/wp-content\/uploads\/2016\/12\/el-nido-lagen-resort-300x199.jpg 300w\" sizes=\"(max-width: 600px) 100vw, 600px\" \/><p id=\"caption-attachment-16543\" class=\"wp-caption-text\">Genie\u00dfen Sie echten Luxus im El Nido Lagen Resort. Bild von Jack Versloot unter der CC BY-2.0 Lizenz<\/p><\/div>\n<p style=\"text-align: justify;\">Wenn Sie es vorziehen, einen exklusiven Badeort zu genie\u00dfen, dann w\u00fcrden wir einen Aufenthalt in einem der wundersch\u00f6nen El Nido Resorts, auf dem Huma Island Resort &#038; Spa oder im Sangat Island Dive Resort vorschlagen. Wenn Sie abenteuerlicher sind, dann eine Mischung aus Puerto Princesa, ein Besuch am Unterirdischen Fluss, Port Barton und El Nido ist eine gute Idee.<\/p>\n<div id=\"attachment_16544\" style=\"width: 610px\" class=\"wp-caption aligncenter\"><img decoding=\"async\" aria-describedby=\"caption-attachment-16544\" class=\"size-full wp-image-16544\" src=\"\/wp-content\/uploads\/2016\/12\/el-nido-palawan-tour.jpg\" alt=\"island hopping trip El Nido\" width=\"600\" height=\"337\" srcset=\"https:\/\/kapwatravel.com\/wp-content\/uploads\/2016\/12\/el-nido-palawan-tour.jpg 600w, https:\/\/kapwatravel.com\/wp-content\/uploads\/2016\/12\/el-nido-palawan-tour-300x169.jpg 300w\" sizes=\"(max-width: 600px) 100vw, 600px\" \/><p id=\"caption-attachment-16544\" class=\"wp-caption-text\">Gehen Sie auf spannende Insel Hopping Tour in der Bacuit Archipel<\/p><\/div>\n<p style=\"text-align: justify;\">Abh\u00e4ngig von Ihrer verf\u00fcgbaren Zeit, w\u00fcrden wir vorschlagen, eine Kombination aus einem Aufenthalt in Palawan und in Luzon und \/ oder die zentrale <a href=\"\/?page_id=16499\">Visayas<\/a>. Bitte <a href=\"\/?page_id=16490\">kontaktiere uns<\/a> F\u00fcr weitere Informationen, wenn Sie sich f\u00fcr eine invididual Palawan Tour interessieren.<\/p>\n<h2>Palwan Abenteuer Tour<\/h2>\n<p style=\"text-align: justify;\">Tag 1: Flug von Manila, Cebu oder Ilo-Ilo nach Puerto Princesa. Sie werden vom Flughafen abgeholt und zu einem Hotel in der Stadt gebracht. Vor Sonnenuntergang fahren Sie auf eine Paddelboot-Tour mit Gl\u00fchw\u00fcrmchen und genie\u00dfen ein leises Abendessen. Sie bleiben eine Nacht in Puerto Pension oder in einem \u00e4hnlichen authentischen Hotel.<\/p>\n<p style=\"text-align: justify;\">Tag 2: Nach einem fr\u00fchen Fr\u00fchst\u00fcck geht es auf ein Abenteuer nach Sabang. Wir organisieren den Transfer in einem privaten Van direkt zum weltber\u00fchmten Unterirdischen Fluss, der ein Unesco-Weltkulturerbe ist. Eine weitere Mangrove-Tour zeigt Ihnen die Sch\u00f6nheit der Gegend, und nach einem aufregenden Tag kehren Sie nach Puerto Princesa zur\u00fcck.<\/p>\n<p style=\"text-align: justify;\">Tag 3: Sie reisen nach El Nido, &#8222;das Nest&#8220;. Bevor Sie am n\u00e4chsten Tag auf eine Insel Hopping Tour gehen, genie\u00dfen Sie Ihren Nachmittag im El Nido Cove Resort.<\/p>\n<p style=\"text-align: justify;\">Tag 4: Dies ist einer der Highlights in El Nido: Entdecken Sie die Bacuit Archipel in einem Join-in-Tour oder sogar auf einer privaten Tour. Schnorcheln hier ist ein Muss, und Sie werden ein leckeres Mittagessen auf einer der vielen Inseln genie\u00dfen. Noch eine Nacht im El Nido Cove Resort.<\/p>\n<p style=\"text-align: justify;\">Tag 5: Sie Transfer nach Port Barton und genie\u00dfen Sie Ihre n\u00e4chsten 1,5 Tage in einem authentischen Resort.<\/p>\n<p style=\"text-align: justify;\">Tag 6: Entspannen Sie sich!<\/p>\n<p style=\"text-align: justify;\">Tag 7: Sie fahren zur\u00fcck nach Puerto Princesa, rechtzeitig, um Ihren Flug zur\u00fcck nach Manila, Cebu oder Ilo-Ilo zu bringen.<\/p>\n<p style=\"text-align: justify;\">Abh\u00e4ngig von der Verf\u00fcgbarkeit der Resorts, k\u00f6nnen wir Ihnen dieses Palawan Paket zu einem Preis von <strong> 1870 $ <\/strong> f\u00fcr 2 Personen &#8211; inklusive aller Unterk\u00fcnfte (inkl. Fr\u00fchst\u00fcck), Transfers, Reiseversicherung, F\u00fchrungen am Tag anbieten 1, 2 und 4, ein leises Abendessen am Tag 1 und Mittagessen am Tag 2 und 4. Dies ist eindeutig eine unserer beliebtesten Touren in Palawan.<\/p>\n<p>[et_pb_cta admin_label=&#8220;Call To Action&#8220; title=&#8220;Sie wollen Ihre eigene private Tour erstellen?&#8220; button_url=&#8220;\/de\/kontaktiere-uns\/&#8220; url_new_window=&#8220;off&#8220; button_text=&#8220;Nehmen Sie Kontakt mit uns auf!&#8220; use_background_color=&#8220;on&#8220; background_color=&#8220;#8ad8b9&#8243; background_layout=&#8220;dark&#8220; text_orientation=&#8220;center&#8220; use_border_color=&#8220;off&#8220; border_color=&#8220;#ffffff&#8220; border_style=&#8220;solid&#8220; custom_button=&#8220;off&#8220; button_letter_spacing=&#8220;0&#8243; button_use_icon=&#8220;default&#8220; button_icon_placement=&#8220;right&#8220; button_on_hover=&#8220;on&#8220; button_letter_spacing_hover=&#8220;0&#8243;]<\/p>\n<p>[\/et_pb_cta][et_pb_text admin_label=&#8220;Text&#8220; background_layout=&#8220;light&#8220; text_orientation=&#8220;left&#8220; use_border_color=&#8220;off&#8220; border_color=&#8220;#ffffff&#8220; border_style=&#8220;solid&#8220;]<\/p>\n<h2>El Nido &#038; Bohol Deluxe Paket<\/h2>\n<p style=\"text-align: justify;\">Eine weitere ber\u00fchmte Tour, ist unser El Nido Paket, das Nordpalawan mit Panglao Insel verbindet.<\/p>\n<p style=\"text-align: justify;\">Tag 1: Sie fliegen von Manila oder Cebu gerade nach El Nido und Transfer nach El Nido Resorts &#8211; Miniloc. Genie\u00dfen Sie den Rest Ihres Tages in einem wundersch\u00f6nen Zimmer mit Meerblick.<\/p>\n<p style=\"text-align: justify;\">Tag 2: Gehen Sie auf eine spannende Insel Hopping Tour, schnorcheln und genie\u00dfen Sie das kristallklare Wasser.<\/p>\n<p style=\"text-align: justify;\">Tag 3: Entspannen Sie sich!<\/p>\n<p style=\"text-align: justify;\">Tag 4: Genie\u00dfen Sie andere Wassersportarten wie Kajakfahren, Hobie Katze Segeln oder Windsurfen<\/p>\n<p style=\"text-align: justify;\">Day 5: You will fly from El Nido to Cebu, then transfer via fast ferry to Bohol. The next 4 nights you will spend in a deluxe beach front cottage at South Palms Resort.<\/p>\n<p style=\"text-align: justify;\">Tag 6: Sie werden den authentischen Pamilacan entdecken. Sie werden eine einfache, aber sch\u00f6ne Insel mit ihren freundlichen Menschen genie\u00dfen. Dies ist der beste Ort, um all Ihre Probleme zu vergessen und in einer H\u00e4ngematte am Strand unter den Palmen zu entspannen.<\/p>\n<div id=\"attachment_16689\" style=\"width: 510px\" class=\"wp-caption aligncenter\"><a href=\"\/wp-content\/uploads\/2016\/12\/dolphin-watching-pamilacan-island.jpg\"><img decoding=\"async\" aria-describedby=\"caption-attachment-16689\" src=\"\/wp-content\/uploads\/2016\/12\/dolphin-watching-pamilacan-island.jpg\" alt=\"\" width=\"500\" height=\"375\" class=\"size-full wp-image-16689\" srcset=\"https:\/\/kapwatravel.com\/wp-content\/uploads\/2016\/12\/dolphin-watching-pamilacan-island.jpg 500w, https:\/\/kapwatravel.com\/wp-content\/uploads\/2016\/12\/dolphin-watching-pamilacan-island-300x225.jpg 300w\" sizes=\"(max-width: 500px) 100vw, 500px\" \/><\/a><p id=\"caption-attachment-16689\" class=\"wp-caption-text\">Gehen Sie auf einen Delphin, der sich um die Insel Pamilacan schaut<\/p><\/div>\n<p style=\"text-align: justify;\">Tag 7: Genie\u00dfen Sie Ihren Tag im Resort.<\/p>\n<p style=\"text-align: justify;\">Tag 8: Gehen Sie auf eine spannende gef\u00fchrte Bohol Sightseeing Tour, wo Sie die weltber\u00fchmten Schokoladenh\u00fcgel entdecken, die Tarsier treffen und viele weitere Highlights erleben werden.<\/p>\n<p style=\"text-align: justify;\">Tag 9: Wir bringen Sie zur\u00fcck zum Seehafen oder Flughafen in Tagbilaran.<\/p>\n<p style=\"text-align: justify;\">Der Preis f\u00fcr unser El Nido &#038; Panglao Island Premium Paket ist <strong> 5070 $ <\/strong> f\u00fcr 2 Personen. Es gibt die Fl\u00fcge am Tag 1 und 5, alle Unterk\u00fcnfte, Vollpension in El Nido Resorts &#8211; Miniloc, Fr\u00fchst\u00fcck in South Palms, Mittagessen und ein privater Reiseleiter auf Pamilacan Island und auf der Bohol Sightseeing Tour, Versicherung und alle Transfers . Diese Tour oder eine Variation davon ist perfekt f\u00fcr Ihre Flitterwochen. Wir freuen uns \u00fcber ein romantisches Candle-Light-Dinner am Strand oder eine entspannende Massage in einem der gro\u00dfen SPAs.<\/p>\n<p>Bitte <a href=\"\/?page_id=16490\">Nehmen Sie Kontakt mit uns auf<\/a>, Wenn Sie sich f\u00fcr diese Tour interessieren.<\/p>\n","protected":false},"excerpt":{"rendered":"<p>Unsere individuellen Palawan Tourpakete f\u00fchren zu einigen der sch\u00f6nsten Orte, die die Philippinen zu bieten haben. Es gibt mehrere M\u00f6glichkeiten, um Ihre Reise im westlichen Teil des Landes zu beginnen. Sie k\u00f6nnten entweder in Puerto Princesa, El Nido oder sogar in Coron Town auf Busuanga Island starten. Wenn Sie es vorziehen, einen exklusiven Badeort zu [&hellip;]<\/p>\n","protected":false},"author":4,"featured_media":0,"parent":17294,"menu_order":0,"comment_status":"closed","ping_status":"closed","template":"","meta":{"_et_pb_use_builder":"off","_et_pb_old_content":"Our individual Palawan tour packages lead to some of the most beautiful places the Philippines has to offer. There are several options to start your journey in the Western part of the country. You could either start in Puerto Princesa, El Nido or even in Coron Town on Busuanga Island.\r\n\r\n[caption id=\"attachment_16543\" align=\"aligncenter\" width=\"600\"]<img class=\"size-full wp-image-16543\" src=\"https:\/\/kapwatravel.com\/wp-content\/uploads\/2016\/12\/el-nido-lagen-resort.jpg\" alt=\"El Nido Lagen Island Resort\" width=\"600\" height=\"398\" \/> Enjoy true luxury at El Nido Lagen Resort. Image by Jack Versloot under the CC BY-2.0 License[\/caption]\r\n<p style=\"text-align: justify;\">If you prefer to enjoy an exclusive beach resort, then we would suggest a stay in one of the beautiful El Nido Resorts, on Huma Island Resort & Spa or at Sangat Island Dive Resort. If you are more adventurous, then a mix of Puerto Princesa, a visit at the Subterranean River, Port Barton and El Nido is a good idea.<\/p>\r\n\r\n\r\n[caption id=\"attachment_16544\" align=\"aligncenter\" width=\"600\"]<img class=\"size-full wp-image-16544\" src=\"https:\/\/kapwatravel.com\/wp-content\/uploads\/2016\/12\/el-nido-palawan-tour.jpg\" alt=\"island hopping trip El Nido\" width=\"600\" height=\"337\" \/> Go on exciting island hopping tour in the Bacuit Archipelago[\/caption]\r\n<p style=\"text-align: justify;\">Dependent on your available time, we would suggest a combination of a stay in Palawan and in Luzon and \/ or the central <a href=\"\/?page_id=16499\">Visayas<\/a>. Please <a href=\"\/?page_id=16490\">contact us<\/a> for more information, if you are interested in an invididual Palawan tour.<\/p>\r\nA possible itinerary would be:\r\n<h2>Palwan Adventure Tour<\/h2>\r\n<p style=\"text-align: justify;\">Day 1: Flight from Manila, Cebu or Ilo-Ilo to Puerto Princesa. You will be picked up from the airport and brought to a hotel in the town. Before sunset, you will go on a paddle-boat tour with firefly-watching and enjoy a light dinner. You will stay one night in Puerto Pension or in a similar authentic hotel.<\/p>\r\n<p style=\"text-align: justify;\">Day 2: After an early breakfast, you will go on an adventure to Sabang. We will organize the transfer in a private van straight to the world-famous Subterranean river which is a Unesco World-Heritage sight. Another Mangrove tour will show you the beauty of the area, and after an exciting day you will return to Puerto Princesa.<\/p>\r\n<p style=\"text-align: justify;\">Day 3: You will travel to El Nido, \"the nest\". Before you will go on an island hopping tour on the next day, you will enjoy your afternoon in El Nido Cove Resort.<\/p>\r\n<p style=\"text-align: justify;\">Day 4: This is one of the highlights in El Nido: Discover the Bacuit Archipelago in a join-in-tour or even on a private tour. Snorkeling here is a must, and you will enjoy a delicious lunch on one of the many islands. One more night in the El Nido Cove Resort.<\/p>\r\n<p style=\"text-align: justify;\">Day 5: You will transfer to Port Barton and enjoy your next 1,5 days in an authentic resort.<\/p>\r\n<p style=\"text-align: justify;\">Day 6: Relax!<\/p>\r\n<p style=\"text-align: justify;\">Day 7: You will travel back to Puerto Princesa, just in time to catch your flight back to Manila, Cebu or Ilo-Ilo.<\/p>\r\n<p style=\"text-align: justify;\">Dependent on the availability of the resorts, we can offer you this Palawan package at a rate of <strong>1870$<\/strong>\u00a0for 2 persons - inclusive of all accommodations (incl. breakfast), transfers, travel insurance, guides on day 1, 2 and 4, a light dinner on day 1 and lunch on day 2 and 4. This is clearly one of our most popular tours in Palawan.<\/p>\r\n[et_pb_cta admin_label=\"Call To Action\" title=\"You want to create your own private tour?\" button_url=\"\/contact\/\" url_new_window=\"off\" button_text=\"Get in touch with us!\" use_background_color=\"on\" background_color=\"#8ad8b9\" background_layout=\"dark\" text_orientation=\"center\" use_border_color=\"off\" border_color=\"#ffffff\" border_style=\"solid\" custom_button=\"off\" button_letter_spacing=\"0\" button_use_icon=\"default\" button_icon_placement=\"right\" button_on_hover=\"on\" button_letter_spacing_hover=\"0\"]\r\n\r\n[\/et_pb_cta][et_pb_text admin_label=\"Text\" background_layout=\"light\" text_orientation=\"left\" use_border_color=\"off\" border_color=\"#ffffff\" border_style=\"solid\"]\r\n<h2>El Nido & Bohol Deluxe Package<\/h2>\r\n<p style=\"text-align: justify;\">Another famous tour, is our El Nido package that combines Northern Palawan with Panglao Island.<\/p>\r\n<p style=\"text-align: justify;\">Day 1: You will fly from Manila or Cebu straight to El Nido and transfer to El Nido Resorts - Miniloc. Enjoy the rest of your day in a beautiful sea view room.<\/p>\r\n<p style=\"text-align: justify;\">Day 2: Go on an exciting island hopping tour, snorkel and enjoy the crystal clear water.<\/p>\r\n<p style=\"text-align: justify;\">Day 3: Relax!<\/p>\r\n<p style=\"text-align: justify;\">Day 4: Enjoy other water sports like kayaking, hobie cat sailing or windsurfing<\/p>\r\n<p style=\"text-align: justify;\">Day 5: You will fly from El Nido to Cebu, then transfer via fast ferry to Bohol. The next 4 nights you will spend in a deluxe beach front cottage at South Palms Resort.<\/p>\r\n<p style=\"text-align: justify;\">Day 6: You will discover the authentic Pamilacan. You will enjoy a simple but beautiful island with its friendly people. This the best place to forget all your problems and relax in a hammock on the beach under the palm trees.<\/p>\r\n\r\n\r\n[caption id=\"attachment_16689\" align=\"aligncenter\" width=\"500\"]<a href=\"https:\/\/kapwatravel.com\/wp-content\/uploads\/2016\/12\/dolphin-watching-pamilacan-island.jpg\"><img class=\"size-full wp-image-16689\" src=\"https:\/\/kapwatravel.com\/wp-content\/uploads\/2016\/12\/dolphin-watching-pamilacan-island.jpg\" alt=\"\" width=\"500\" height=\"375\" \/><\/a> Go on a dolphin watching trip around Pamilacan Island[\/caption]\r\n<p style=\"text-align: justify;\">Day 7: Enjoy your day in the resort.<\/p>\r\n<p style=\"text-align: justify;\">Day 8: Go on an exciting guided Bohol sightseeing tour where you will discover the world-famous Chocolate Hills, meet the tarsiers and experience many other highlights.<\/p>\r\n<p style=\"text-align: justify;\">Day 9: We will bring you back to the sea port or airport in Tagbilaran.<\/p>\r\n<p style=\"text-align: justify;\">The rate for our El Nido & Panglao Island premium package is <strong>5070$<\/strong> for 2 persons. It includes the flights on Day 1 and 5, all accommodations, full-board-package in El Nido Resorts - Miniloc, breakfasts at South Palms, lunch and a private tour guide on Pamilacan Island and on the Bohol Sightseeing Tour, insurance and all transfers. This tour or a variation of it, is perfect for your honeymoon. We are happy to include a romantic candle-light dinner on the beach or a relaxing massage at one of the great SPAs.<\/p>\r\nPlease <a href=\"\/?page_id=16490\">get in touch with us<\/a>, if you are interested in this tour.","_et_gb_content_width":"","content-type":"","footnotes":""},"class_list":["post-17319","page","type-page","status-publish","hentry"],"yoast_head":"<!-- This site is optimized with the Yoast SEO plugin v27.2 - https:\/\/yoast.com\/product\/yoast-seo-wordpress\/ -->\n<title>Palawan<\/title>\n<meta name=\"robots\" content=\"index, follow, max-snippet:-1, max-image-preview:large, max-video-preview:-1\" \/>\n<link rel=\"canonical\" href=\"https:\/\/kapwatravel.com\/de\/unsere-touren\/palawan\/\" \/>\n<meta property=\"og:locale\" content=\"de_DE\" \/>\n<meta property=\"og:type\" content=\"article\" \/>\n<meta property=\"og:title\" content=\"Palawan\" \/>\n<meta property=\"og:description\" content=\"Unsere individuellen Palawan Tourpakete f\u00fchren zu einigen der sch\u00f6nsten Orte, die die Philippinen zu bieten haben. Es gibt mehrere M\u00f6glichkeiten, um Ihre Reise im westlichen Teil des Landes zu beginnen. Sie k\u00f6nnten entweder in Puerto Princesa, El Nido oder sogar in Coron Town auf Busuanga Island starten. Wenn Sie es vorziehen, einen exklusiven Badeort zu [&hellip;]\" \/>\n<meta property=\"og:url\" content=\"https:\/\/kapwatravel.com\/de\/unsere-touren\/palawan\/\" \/>\n<meta property=\"og:site_name\" content=\"Kapwa Travel\" \/>\n<meta property=\"article:modified_time\" content=\"2018-08-24T08:11:57+00:00\" \/>\n<meta name=\"twitter:card\" content=\"summary_large_image\" \/>\n<meta name=\"twitter:label1\" content=\"Gesch\u00e4tzte Lesezeit\" \/>\n\t<meta name=\"twitter:data1\" content=\"5\u00a0Minuten\" \/>\n<script type=\"application\/ld+json\" class=\"yoast-schema-graph\">{\"@context\":\"https:\/\/schema.org\",\"@graph\":[{\"@type\":\"WebPage\",\"@id\":\"https:\/\/kapwatravel.com\/de\/unsere-touren\/palawan\/\",\"url\":\"https:\/\/kapwatravel.com\/de\/unsere-touren\/palawan\/\",\"name\":\"Palawan\",\"isPartOf\":{\"@id\":\"https:\/\/kapwatravel.com\/#website\"},\"datePublished\":\"2017-03-21T05:47:15+00:00\",\"dateModified\":\"2018-08-24T08:11:57+00:00\",\"breadcrumb\":{\"@id\":\"https:\/\/kapwatravel.com\/de\/unsere-touren\/palawan\/#breadcrumb\"},\"inLanguage\":\"de\",\"potentialAction\":[{\"@type\":\"ReadAction\",\"target\":[\"https:\/\/kapwatravel.com\/de\/unsere-touren\/palawan\/\"]}]},{\"@type\":\"BreadcrumbList\",\"@id\":\"https:\/\/kapwatravel.com\/de\/unsere-touren\/palawan\/#breadcrumb\",\"itemListElement\":[{\"@type\":\"ListItem\",\"position\":1,\"name\":\"Home\",\"item\":\"https:\/\/kapwatravel.com\/de\/\"},{\"@type\":\"ListItem\",\"position\":2,\"name\":\"Unsere Touren\",\"item\":\"https:\/\/kapwatravel.com\/de\/unsere-touren\/\"},{\"@type\":\"ListItem\",\"position\":3,\"name\":\"Palawan\"}]},{\"@type\":\"WebSite\",\"@id\":\"https:\/\/kapwatravel.com\/#website\",\"url\":\"https:\/\/kapwatravel.com\/\",\"name\":\"Kapwa Travel\",\"description\":\"Discover the Philippines\",\"potentialAction\":[{\"@type\":\"SearchAction\",\"target\":{\"@type\":\"EntryPoint\",\"urlTemplate\":\"https:\/\/kapwatravel.com\/?s={search_term_string}\"},\"query-input\":{\"@type\":\"PropertyValueSpecification\",\"valueRequired\":true,\"valueName\":\"search_term_string\"}}],\"inLanguage\":\"de\"}]}<\/script>\n<!-- \/ Yoast SEO plugin. -->","yoast_head_json":{"title":"Palawan","robots":{"index":"index","follow":"follow","max-snippet":"max-snippet:-1","max-image-preview":"max-image-preview:large","max-video-preview":"max-video-preview:-1"},"canonical":"https:\/\/kapwatravel.com\/de\/unsere-touren\/palawan\/","og_locale":"de_DE","og_type":"article","og_title":"Palawan","og_description":"Unsere individuellen Palawan Tourpakete f\u00fchren zu einigen der sch\u00f6nsten Orte, die die Philippinen zu bieten haben. Es gibt mehrere M\u00f6glichkeiten, um Ihre Reise im westlichen Teil des Landes zu beginnen. Sie k\u00f6nnten entweder in Puerto Princesa, El Nido oder sogar in Coron Town auf Busuanga Island starten. Wenn Sie es vorziehen, einen exklusiven Badeort zu [&hellip;]","og_url":"https:\/\/kapwatravel.com\/de\/unsere-touren\/palawan\/","og_site_name":"Kapwa Travel","article_modified_time":"2018-08-24T08:11:57+00:00","twitter_card":"summary_large_image","twitter_misc":{"Gesch\u00e4tzte Lesezeit":"5\u00a0Minuten"},"schema":{"@context":"https:\/\/schema.org","@graph":[{"@type":"WebPage","@id":"https:\/\/kapwatravel.com\/de\/unsere-touren\/palawan\/","url":"https:\/\/kapwatravel.com\/de\/unsere-touren\/palawan\/","name":"Palawan","isPartOf":{"@id":"https:\/\/kapwatravel.com\/#website"},"datePublished":"2017-03-21T05:47:15+00:00","dateModified":"2018-08-24T08:11:57+00:00","breadcrumb":{"@id":"https:\/\/kapwatravel.com\/de\/unsere-touren\/palawan\/#breadcrumb"},"inLanguage":"de","potentialAction":[{"@type":"ReadAction","target":["https:\/\/kapwatravel.com\/de\/unsere-touren\/palawan\/"]}]},{"@type":"BreadcrumbList","@id":"https:\/\/kapwatravel.com\/de\/unsere-touren\/palawan\/#breadcrumb","itemListElement":[{"@type":"ListItem","position":1,"name":"Home","item":"https:\/\/kapwatravel.com\/de\/"},{"@type":"ListItem","position":2,"name":"Unsere Touren","item":"https:\/\/kapwatravel.com\/de\/unsere-touren\/"},{"@type":"ListItem","position":3,"name":"Palawan"}]},{"@type":"WebSite","@id":"https:\/\/kapwatravel.com\/#website","url":"https:\/\/kapwatravel.com\/","name":"Kapwa Travel","description":"Discover the Philippines","potentialAction":[{"@type":"SearchAction","target":{"@type":"EntryPoint","urlTemplate":"https:\/\/kapwatravel.com\/?s={search_term_string}"},"query-input":{"@type":"PropertyValueSpecification","valueRequired":true,"valueName":"search_term_string"}}],"inLanguage":"de"}]}},"_links":{"self":[{"href":"https:\/\/kapwatravel.com\/de\/wp-json\/wp\/v2\/pages\/17319","targetHints":{"allow":["GET"]}}],"collection":[{"href":"https:\/\/kapwatravel.com\/de\/wp-json\/wp\/v2\/pages"}],"about":[{"href":"https:\/\/kapwatravel.com\/de\/wp-json\/wp\/v2\/types\/page"}],"author":[{"embeddable":true,"href":"https:\/\/kapwatravel.com\/de\/wp-json\/wp\/v2\/users\/4"}],"replies":[{"embeddable":true,"href":"https:\/\/kapwatravel.com\/de\/wp-json\/wp\/v2\/comments?post=17319"}],"version-history":[{"count":7,"href":"https:\/\/kapwatravel.com\/de\/wp-json\/wp\/v2\/pages\/17319\/revisions"}],"predecessor-version":[{"id":28830,"href":"https:\/\/kapwatravel.com\/de\/wp-json\/wp\/v2\/pages\/17319\/revisions\/28830"}],"up":[{"embeddable":true,"href":"https:\/\/kapwatravel.com\/de\/wp-json\/wp\/v2\/pages\/17294"}],"wp:attachment":[{"href":"https:\/\/kapwatravel.com\/de\/wp-json\/wp\/v2\/media?parent=17319"}],"curies":[{"name":"wp","href":"https:\/\/api.w.org\/{rel}","templated":true}]}}