{"id":17294,"date":"2017-03-21T04:52:17","date_gmt":"2017-03-21T04:52:17","guid":{"rendered":"https:\/\/kapwatravel.com\/?page_id=17294\/"},"modified":"2018-10-19T14:24:19","modified_gmt":"2018-10-19T14:24:19","slug":"unsere-touren","status":"publish","type":"page","link":"https:\/\/kapwatravel.com\/de\/unsere-touren\/","title":{"rendered":"Unsere Touren"},"content":{"rendered":"<p>[et_pb_section bb_built=&#8220;1&#8243; _builder_version=&#8220;3.0.100&#8243; background_color=&#8220;#ffffff&#8220; max_width=&#8220;90%&#8220;][et_pb_row _builder_version=&#8220;3.0.100&#8243;][et_pb_column type=&#8220;4_4&#8243;][et_pb_text _builder_version=&#8220;3.0.100&#8243; background_layout=&#8220;light&#8220;]<\/p>\n<h1>Exklusive Rundreisen auf den Philippinen<\/h1>\n<p>Wenn Sie eine individuelle Rundreise auf den Philippinen unternehmen m\u00f6chten, dann sind Sie bei <a href=\"\/de\/\">Kapwa Travel<\/a> genau richtig. Wir bieten Ihnen individuelle Touren an in den <a href=\"\/?page_id=16499\">Visayas<\/a>, auf Mindanao, Palawan und Luzon. Alle Rundreisen sind dabei unique und invididuell so wie Sie selbst.<\/p>\n<p>Unsere Preise sind all-inclusive, also m\u00fcssen Sie nur in Manila oder Cebu ankommen, und wir holen Sie ab. Wir k\u00f6nnen Ihnen auch bei der Suche nach einem passenden internationalen Flug weiterhelfen.<\/p>\n\n\t\t<style type=\"text\/css\">\n\t\t\t#gallery-1 {\n\t\t\t\tmargin: auto;\n\t\t\t}\n\t\t\t#gallery-1 .gallery-item {\n\t\t\t\tfloat: left;\n\t\t\t\tmargin-top: 10px;\n\t\t\t\ttext-align: center;\n\t\t\t\twidth: 33%;\n\t\t\t}\n\t\t\t#gallery-1 img {\n\t\t\t\tborder: 2px solid #cfcfcf;\n\t\t\t}\n\t\t\t#gallery-1 .gallery-caption {\n\t\t\t\tmargin-left: 0;\n\t\t\t}\n\t\t\t\/* see gallery_shortcode() in wp-includes\/media.php *\/\n\t\t<\/style>\n\t\t<div id='gallery-1' class='gallery galleryid-17294 gallery-columns-3 gallery-size-medium'><dl class='gallery-item'>\n\t\t\t<dt class='gallery-icon landscape'>\n\t\t\t\t<a href='https:\/\/kapwatravel.com\/wp-content\/uploads\/2018\/01\/beach-siquijor-philippines.jpg'><img decoding=\"async\" width=\"300\" height=\"225\" src=\"https:\/\/kapwatravel.com\/wp-content\/uploads\/2018\/01\/beach-siquijor-philippines-300x225.jpg\" class=\"attachment-medium size-medium\" alt=\"\" srcset=\"https:\/\/kapwatravel.com\/wp-content\/uploads\/2018\/01\/beach-siquijor-philippines-300x225.jpg 300w, https:\/\/kapwatravel.com\/wp-content\/uploads\/2018\/01\/beach-siquijor-philippines-510x382.jpg 510w, https:\/\/kapwatravel.com\/wp-content\/uploads\/2018\/01\/beach-siquijor-philippines.jpg 600w\" sizes=\"(max-width: 300px) 100vw, 300px\" \/><\/a>\n\t\t\t<\/dt><\/dl><dl class='gallery-item'>\n\t\t\t<dt class='gallery-icon landscape'>\n\t\t\t\t<a href='https:\/\/kapwatravel.com\/wp-content\/uploads\/2018\/02\/dolphin-watching-pamilacan-island.jpg'><img decoding=\"async\" width=\"300\" height=\"225\" src=\"https:\/\/kapwatravel.com\/wp-content\/uploads\/2018\/02\/dolphin-watching-pamilacan-island-300x225.jpg\" class=\"attachment-medium size-medium\" alt=\"\" srcset=\"https:\/\/kapwatravel.com\/wp-content\/uploads\/2018\/02\/dolphin-watching-pamilacan-island-300x225.jpg 300w, https:\/\/kapwatravel.com\/wp-content\/uploads\/2018\/02\/dolphin-watching-pamilacan-island.jpg 500w\" sizes=\"(max-width: 300px) 100vw, 300px\" \/><\/a>\n\t\t\t<\/dt><\/dl><dl class='gallery-item'>\n\t\t\t<dt class='gallery-icon landscape'>\n\t\t\t\t<a href='https:\/\/kapwatravel.com\/wp-content\/uploads\/2017\/10\/philippinen-tours-island-hopping.jpg'><img decoding=\"async\" width=\"300\" height=\"225\" src=\"https:\/\/kapwatravel.com\/wp-content\/uploads\/2017\/10\/philippinen-tours-island-hopping-300x225.jpg\" class=\"attachment-medium size-medium\" alt=\"\" srcset=\"https:\/\/kapwatravel.com\/wp-content\/uploads\/2017\/10\/philippinen-tours-island-hopping-300x225.jpg 300w, https:\/\/kapwatravel.com\/wp-content\/uploads\/2017\/10\/philippinen-tours-island-hopping-510x382.jpg 510w, https:\/\/kapwatravel.com\/wp-content\/uploads\/2017\/10\/philippinen-tours-island-hopping.jpg 600w\" sizes=\"(max-width: 300px) 100vw, 300px\" \/><\/a>\n\t\t\t<\/dt><\/dl><br style=\"clear: both\" \/>\n\t\t<\/div>\n\n<p>[\/et_pb_text][et_pb_text _builder_version=&#8220;3.0.100&#8243; background_layout=&#8220;light&#8220;]<\/p>\n<h2>Unsere Philippinen-Rundreisen sind 100% individuell<\/h2>\n<p>Alle unsere Touren sind 100% individuell und auf Ihre W\u00fcnsche hin zugeschnitten.Sie k\u00f6nnen sich sicher sein, dass wir alles tun werden, um Ihnen das bestm\u00f6gliche Reiseerlebnis auf den Philippinen zu bieten. Wir haben die Philippinen mehr als 40 Mal seit den 1980er Jahren gereist, und wir kennen das Land und seine Hindernisse. Sie profitieren von unserem Wissen und unserem Netzwerk zuverl\u00e4ssiger Partner.<\/p>\n<div id=\"attachment_16522\" style=\"width: 610px\" class=\"wp-caption aligncenter\"><img decoding=\"async\" aria-describedby=\"caption-attachment-16522\" class=\"size-full wp-image-16522\" src=\"\/wp-content\/uploads\/2016\/11\/philippine-tour-visayas.jpg\" alt=\"Kapwa Travel on tour\" width=\"600\" height=\"399\" srcset=\"https:\/\/kapwatravel.com\/wp-content\/uploads\/2016\/11\/philippine-tour-visayas.jpg 600w, https:\/\/kapwatravel.com\/wp-content\/uploads\/2016\/11\/philippine-tour-visayas-300x200.jpg 300w\" sizes=\"(max-width: 600px) 100vw, 600px\" \/><p id=\"caption-attachment-16522\" class=\"wp-caption-text\">Auf einer Insel Hopping Tour mit gl\u00fccklichen G\u00e4sten um Mactan Island<\/p><\/div>\n<p>Wir buchen nur die besten Resorts &#038; Hotels mit hervorragendem Service f\u00fcr unsere G\u00e4ste. Das bedeutet nicht, dass wir nur mit 5-Sterne-Luxus-Resorts zusammenarbeiten, sondern wir z\u00e4hlen auch kleine Boutique-Resorts und selbst authentische Fischerh\u00fcttenbesitzer, eben echte &#8222;versteckte Edelsteine&#8220;, zu unseren gesch\u00e4tzten Partnern.<\/p>\n<p>Wenn Sie die Philippinen wirklich authentisch entdecken wollen, dann nehmen Sie Kontakt mit uns auf. Wir sind ein auf die Philippinen spezialisierter Reiseveranstalter mit internationalen Wurzeln und legen viel Wert auf Qualit\u00e4t, Nachhaltigkeit und pers\u00f6nliche Beratung. Wir freuen uns darauf, Sie kennenzulernen!<\/p>\n<p>Bitte f\u00fcllen Sie einfach das&nbsp;<a href=\"\/?page_id=16490\">Kontaktformular<\/a>&nbsp;aus oder senden Sie uns eine E-Mail an mabuhay[at]kapwatravel.com.<\/p>\n<p>[\/et_pb_text][\/et_pb_column][\/et_pb_row][\/et_pb_section]<\/p>\n","protected":false},"excerpt":{"rendered":"<p>Exklusive Rundreisen auf den Philippinen Wenn Sie eine individuelle Rundreise auf den Philippinen unternehmen m\u00f6chten, dann sind Sie bei Kapwa Travel genau richtig. Wir bieten Ihnen individuelle Touren an in den Visayas, auf Mindanao, Palawan und Luzon. Alle Rundreisen sind dabei unique und invididuell so wie Sie selbst. Unsere Preise sind all-inclusive, also m\u00fcssen Sie [&hellip;]<\/p>\n","protected":false},"author":4,"featured_media":0,"parent":0,"menu_order":0,"comment_status":"closed","ping_status":"closed","template":"","meta":{"_et_pb_use_builder":"on","_et_pb_old_content":"We offer several tour packages in the <a href=\"\/tours\/visayas\/\">Visayas<\/a>, in Mindanao, in Palawan and in Luzon. Our rates are all-inclusive, so you just need to arrive in Manila or Cebu, and we will pick you up. We can also help you with an international flight, in case.\n\nSince all our tours are 100% individualised and are catered to your needs, you can rest assured that we will do everything to give you the best possible travel experience in the Philippines. We have travelled the Philippines more than 40 times since the 1980s, and we know the country and its obstacles. You will profit from our knowledge and our network of reliable partners.\n\n[caption id=\"attachment_16522\" align=\"aligncenter\" width=\"600\"]<img class=\"size-full wp-image-16522\" src=\"https:\/\/kapwatravel.com\/wp-content\/uploads\/2016\/11\/philippine-tour-visayas.jpg\" alt=\"Kapwa Travel on tour\" width=\"600\" height=\"399\"> On an island hopping tour with happy guests around Mactan Island[\/caption]\n\nWe only include the best resorts &amp; hotels with outstanding service in our trips. That does not mean that we only cooperate with 5 star luxury resorts, but we also count little boutique resorts, true \"hidden gems\" towards our valued partners.\n\nIf you really want to discover the Philippines, then get in touch with us. We are proud to say that we are one of the few, maybe the only Philippine tour company, that offers this kind of travel service with focus on quality, sustainability and personal guidance. We look forward to meeting you!\n\nPlease fill in the <a href=\"\/contact\/\">contact form<\/a> or send us an e-mail to mabuhay[at]kapwatravel.com.","_et_gb_content_width":"","content-type":"","footnotes":""},"class_list":["post-17294","page","type-page","status-publish","hentry"],"yoast_head":"<!-- This site is optimized with the Yoast SEO plugin v27.2 - https:\/\/yoast.com\/product\/yoast-seo-wordpress\/ -->\n<title>Philippinen Rundreisen individuell von Experten f\u00fcr Sie entworfen<\/title>\n<meta name=\"description\" content=\"Wenn Sie die Philippinen authentisch und individuell erleben wollen, dann kontaktieren Sie die Spezialisten von Kapwa Travel. Wir beraten Sie professionell und stellen eine Rundreise f\u00fcr Sie zusammen, die wirklich einzigartig ist!\" \/>\n<meta name=\"robots\" content=\"index, follow, max-snippet:-1, max-image-preview:large, max-video-preview:-1\" \/>\n<link rel=\"canonical\" href=\"https:\/\/kapwatravel.com\/de\/unsere-touren\/\" \/>\n<meta property=\"og:locale\" content=\"de_DE\" \/>\n<meta property=\"og:type\" content=\"article\" \/>\n<meta property=\"og:title\" content=\"Philippinen Rundreisen individuell von Experten f\u00fcr Sie entworfen\" \/>\n<meta property=\"og:description\" content=\"Wenn Sie die Philippinen authentisch und individuell erleben wollen, dann kontaktieren Sie die Spezialisten von Kapwa Travel. Wir beraten Sie professionell und stellen eine Rundreise f\u00fcr Sie zusammen, die wirklich einzigartig ist!\" \/>\n<meta property=\"og:url\" content=\"https:\/\/kapwatravel.com\/de\/unsere-touren\/\" \/>\n<meta property=\"og:site_name\" content=\"Kapwa Travel\" \/>\n<meta property=\"article:modified_time\" content=\"2018-10-19T14:24:19+00:00\" \/>\n<meta name=\"twitter:card\" content=\"summary_large_image\" \/>\n<meta name=\"twitter:label1\" content=\"Gesch\u00e4tzte Lesezeit\" \/>\n\t<meta name=\"twitter:data1\" content=\"2\u00a0Minuten\" \/>\n<script type=\"application\/ld+json\" class=\"yoast-schema-graph\">{\"@context\":\"https:\/\/schema.org\",\"@graph\":[{\"@type\":\"WebPage\",\"@id\":\"https:\/\/kapwatravel.com\/de\/unsere-touren\/\",\"url\":\"https:\/\/kapwatravel.com\/de\/unsere-touren\/\",\"name\":\"Philippinen Rundreisen individuell von Experten f\u00fcr Sie entworfen\",\"isPartOf\":{\"@id\":\"https:\/\/kapwatravel.com\/#website\"},\"datePublished\":\"2017-03-21T04:52:17+00:00\",\"dateModified\":\"2018-10-19T14:24:19+00:00\",\"description\":\"Wenn Sie die Philippinen authentisch und individuell erleben wollen, dann kontaktieren Sie die Spezialisten von Kapwa Travel. Wir beraten Sie professionell und stellen eine Rundreise f\u00fcr Sie zusammen, die wirklich einzigartig ist!\",\"breadcrumb\":{\"@id\":\"https:\/\/kapwatravel.com\/de\/unsere-touren\/#breadcrumb\"},\"inLanguage\":\"de\",\"potentialAction\":[{\"@type\":\"ReadAction\",\"target\":[\"https:\/\/kapwatravel.com\/de\/unsere-touren\/\"]}]},{\"@type\":\"BreadcrumbList\",\"@id\":\"https:\/\/kapwatravel.com\/de\/unsere-touren\/#breadcrumb\",\"itemListElement\":[{\"@type\":\"ListItem\",\"position\":1,\"name\":\"Home\",\"item\":\"https:\/\/kapwatravel.com\/de\/\"},{\"@type\":\"ListItem\",\"position\":2,\"name\":\"Unsere Touren\"}]},{\"@type\":\"WebSite\",\"@id\":\"https:\/\/kapwatravel.com\/#website\",\"url\":\"https:\/\/kapwatravel.com\/\",\"name\":\"Kapwa Travel\",\"description\":\"Discover the Philippines\",\"potentialAction\":[{\"@type\":\"SearchAction\",\"target\":{\"@type\":\"EntryPoint\",\"urlTemplate\":\"https:\/\/kapwatravel.com\/?s={search_term_string}\"},\"query-input\":{\"@type\":\"PropertyValueSpecification\",\"valueRequired\":true,\"valueName\":\"search_term_string\"}}],\"inLanguage\":\"de\"}]}<\/script>\n<!-- \/ Yoast SEO plugin. -->","yoast_head_json":{"title":"Philippinen Rundreisen individuell von Experten f\u00fcr Sie entworfen","description":"Wenn Sie die Philippinen authentisch und individuell erleben wollen, dann kontaktieren Sie die Spezialisten von Kapwa Travel. Wir beraten Sie professionell und stellen eine Rundreise f\u00fcr Sie zusammen, die wirklich einzigartig ist!","robots":{"index":"index","follow":"follow","max-snippet":"max-snippet:-1","max-image-preview":"max-image-preview:large","max-video-preview":"max-video-preview:-1"},"canonical":"https:\/\/kapwatravel.com\/de\/unsere-touren\/","og_locale":"de_DE","og_type":"article","og_title":"Philippinen Rundreisen individuell von Experten f\u00fcr Sie entworfen","og_description":"Wenn Sie die Philippinen authentisch und individuell erleben wollen, dann kontaktieren Sie die Spezialisten von Kapwa Travel. Wir beraten Sie professionell und stellen eine Rundreise f\u00fcr Sie zusammen, die wirklich einzigartig ist!","og_url":"https:\/\/kapwatravel.com\/de\/unsere-touren\/","og_site_name":"Kapwa Travel","article_modified_time":"2018-10-19T14:24:19+00:00","twitter_card":"summary_large_image","twitter_misc":{"Gesch\u00e4tzte Lesezeit":"2\u00a0Minuten"},"schema":{"@context":"https:\/\/schema.org","@graph":[{"@type":"WebPage","@id":"https:\/\/kapwatravel.com\/de\/unsere-touren\/","url":"https:\/\/kapwatravel.com\/de\/unsere-touren\/","name":"Philippinen Rundreisen individuell von Experten f\u00fcr Sie entworfen","isPartOf":{"@id":"https:\/\/kapwatravel.com\/#website"},"datePublished":"2017-03-21T04:52:17+00:00","dateModified":"2018-10-19T14:24:19+00:00","description":"Wenn Sie die Philippinen authentisch und individuell erleben wollen, dann kontaktieren Sie die Spezialisten von Kapwa Travel. Wir beraten Sie professionell und stellen eine Rundreise f\u00fcr Sie zusammen, die wirklich einzigartig ist!","breadcrumb":{"@id":"https:\/\/kapwatravel.com\/de\/unsere-touren\/#breadcrumb"},"inLanguage":"de","potentialAction":[{"@type":"ReadAction","target":["https:\/\/kapwatravel.com\/de\/unsere-touren\/"]}]},{"@type":"BreadcrumbList","@id":"https:\/\/kapwatravel.com\/de\/unsere-touren\/#breadcrumb","itemListElement":[{"@type":"ListItem","position":1,"name":"Home","item":"https:\/\/kapwatravel.com\/de\/"},{"@type":"ListItem","position":2,"name":"Unsere Touren"}]},{"@type":"WebSite","@id":"https:\/\/kapwatravel.com\/#website","url":"https:\/\/kapwatravel.com\/","name":"Kapwa Travel","description":"Discover the Philippines","potentialAction":[{"@type":"SearchAction","target":{"@type":"EntryPoint","urlTemplate":"https:\/\/kapwatravel.com\/?s={search_term_string}"},"query-input":{"@type":"PropertyValueSpecification","valueRequired":true,"valueName":"search_term_string"}}],"inLanguage":"de"}]}},"_links":{"self":[{"href":"https:\/\/kapwatravel.com\/de\/wp-json\/wp\/v2\/pages\/17294","targetHints":{"allow":["GET"]}}],"collection":[{"href":"https:\/\/kapwatravel.com\/de\/wp-json\/wp\/v2\/pages"}],"about":[{"href":"https:\/\/kapwatravel.com\/de\/wp-json\/wp\/v2\/types\/page"}],"author":[{"embeddable":true,"href":"https:\/\/kapwatravel.com\/de\/wp-json\/wp\/v2\/users\/4"}],"replies":[{"embeddable":true,"href":"https:\/\/kapwatravel.com\/de\/wp-json\/wp\/v2\/comments?post=17294"}],"version-history":[{"count":8,"href":"https:\/\/kapwatravel.com\/de\/wp-json\/wp\/v2\/pages\/17294\/revisions"}],"predecessor-version":[{"id":29484,"href":"https:\/\/kapwatravel.com\/de\/wp-json\/wp\/v2\/pages\/17294\/revisions\/29484"}],"wp:attachment":[{"href":"https:\/\/kapwatravel.com\/de\/wp-json\/wp\/v2\/media?parent=17294"}],"curies":[{"name":"wp","href":"https:\/\/api.w.org\/{rel}","templated":true}]}}