{"id":17043,"date":"2017-03-20T09:26:02","date_gmt":"2017-03-20T09:26:02","guid":{"rendered":"https:\/\/kapwatravel.com\/?page_id=17043\/"},"modified":"2017-03-22T07:53:52","modified_gmt":"2017-03-22T07:53:52","slug":"stipendium","status":"publish","type":"page","link":"https:\/\/kapwatravel.com\/de\/unsere-aufgabe\/stipendium\/","title":{"rendered":"Stipendium"},"content":{"rendered":"<p style=\"text-align: justify;\"><a href=\"\/?page_id=16495\">Kapwa Travels Leitbild<\/a> Wurde mit dem philippinischen Volk konzipiert, vor allem junge, talentierte Studenten in der Tourismusbranche, die finanzielle Unterst\u00fctzung ben\u00f6tigen. \u00c4hnlich wie unsere deutsche Schwestergesellschaft mit ihren <a href=\"https:\/\/www.philippinen-tours.de\/scholarship-programme\/\" target=\"_blank\" rel=\"nofollow\">Philippinen Tours Scholarship Programme<\/a>, Wir wollen mindestens einen Sch\u00fcler pro Semester unterst\u00fctzen.<\/p>\n<p style=\"text-align: justify;\">Ab sofort unterst\u00fctzen wir bis zu drei Studenten pro Semester. Details zum Bewerbungsprozess folgen in K\u00fcrze.<\/p>\n<p style=\"text-align: justify;\">Vor allem Studenten, die in Cebu oder auf anderen Inseln im Central Visayas angesiedelt sind, werden am meisten von unserem Stipendium profitieren, da unser B\u00fcro auf Mactan Island basiert. Wir freuen uns, unserem wachsenden Unternehmen viele praktische Einblicke zu geben.<\/p>\n<p style=\"text-align: justify;\">F\u00fchlen Sie sich frei, sich mit uns in Verbindung zu setzen, wenn Sie daran interessiert sind, von uns gesponsert zu werden und schreiben Sie eine E-Mail an mabuhay@kapwatravel.com.<\/p>\n<p>[Diese Seite wurde zuletzt aktualisiert am Januar 20, 2017.]<\/p>\n","protected":false},"excerpt":{"rendered":"<p>Kapwa Travels Leitbild Wurde mit dem philippinischen Volk konzipiert, vor allem junge, talentierte Studenten in der Tourismusbranche, die finanzielle Unterst\u00fctzung ben\u00f6tigen. \u00c4hnlich wie unsere deutsche Schwestergesellschaft mit ihren Philippinen Tours Scholarship Programme, Wir wollen mindestens einen Sch\u00fcler pro Semester unterst\u00fctzen. Ab sofort unterst\u00fctzen wir bis zu drei Studenten pro Semester. Details zum Bewerbungsprozess folgen in [&hellip;]<\/p>\n","protected":false},"author":4,"featured_media":0,"parent":17021,"menu_order":0,"comment_status":"closed","ping_status":"closed","template":"","meta":{"_et_pb_use_builder":"","_et_pb_old_content":"","_et_gb_content_width":"","content-type":"","footnotes":""},"class_list":["post-17043","page","type-page","status-publish","hentry"],"yoast_head":"<!-- This site is optimized with the Yoast SEO plugin v27.2 - https:\/\/yoast.com\/product\/yoast-seo-wordpress\/ -->\n<title>Stipendium<\/title>\n<meta name=\"robots\" content=\"index, follow, max-snippet:-1, max-image-preview:large, max-video-preview:-1\" \/>\n<link rel=\"canonical\" href=\"https:\/\/kapwatravel.com\/de\/unsere-aufgabe\/stipendium\/\" \/>\n<meta property=\"og:locale\" content=\"de_DE\" \/>\n<meta property=\"og:type\" content=\"article\" \/>\n<meta property=\"og:title\" content=\"Stipendium\" \/>\n<meta property=\"og:description\" content=\"Kapwa Travels Leitbild Wurde mit dem philippinischen Volk konzipiert, vor allem junge, talentierte Studenten in der Tourismusbranche, die finanzielle Unterst\u00fctzung ben\u00f6tigen. \u00c4hnlich wie unsere deutsche Schwestergesellschaft mit ihren Philippinen Tours Scholarship Programme, Wir wollen mindestens einen Sch\u00fcler pro Semester unterst\u00fctzen. Ab sofort unterst\u00fctzen wir bis zu drei Studenten pro Semester. Details zum Bewerbungsprozess folgen in [&hellip;]\" \/>\n<meta property=\"og:url\" content=\"https:\/\/kapwatravel.com\/de\/unsere-aufgabe\/stipendium\/\" \/>\n<meta property=\"og:site_name\" content=\"Kapwa Travel\" \/>\n<meta property=\"article:modified_time\" content=\"2017-03-22T07:53:52+00:00\" \/>\n<meta name=\"twitter:card\" content=\"summary_large_image\" \/>\n<meta name=\"twitter:label1\" content=\"Gesch\u00e4tzte Lesezeit\" \/>\n\t<meta name=\"twitter:data1\" content=\"1\u00a0Minute\" \/>\n<script type=\"application\/ld+json\" class=\"yoast-schema-graph\">{\"@context\":\"https:\/\/schema.org\",\"@graph\":[{\"@type\":\"WebPage\",\"@id\":\"https:\/\/kapwatravel.com\/de\/unsere-aufgabe\/stipendium\/\",\"url\":\"https:\/\/kapwatravel.com\/de\/unsere-aufgabe\/stipendium\/\",\"name\":\"Stipendium\",\"isPartOf\":{\"@id\":\"https:\/\/kapwatravel.com\/#website\"},\"datePublished\":\"2017-03-20T09:26:02+00:00\",\"dateModified\":\"2017-03-22T07:53:52+00:00\",\"breadcrumb\":{\"@id\":\"https:\/\/kapwatravel.com\/de\/unsere-aufgabe\/stipendium\/#breadcrumb\"},\"inLanguage\":\"de\",\"potentialAction\":[{\"@type\":\"ReadAction\",\"target\":[\"https:\/\/kapwatravel.com\/de\/unsere-aufgabe\/stipendium\/\"]}]},{\"@type\":\"BreadcrumbList\",\"@id\":\"https:\/\/kapwatravel.com\/de\/unsere-aufgabe\/stipendium\/#breadcrumb\",\"itemListElement\":[{\"@type\":\"ListItem\",\"position\":1,\"name\":\"Home\",\"item\":\"https:\/\/kapwatravel.com\/de\/\"},{\"@type\":\"ListItem\",\"position\":2,\"name\":\"Unsere Mission\",\"item\":\"https:\/\/kapwatravel.com\/de\/unsere-aufgabe\/\"},{\"@type\":\"ListItem\",\"position\":3,\"name\":\"Stipendium\"}]},{\"@type\":\"WebSite\",\"@id\":\"https:\/\/kapwatravel.com\/#website\",\"url\":\"https:\/\/kapwatravel.com\/\",\"name\":\"Kapwa Travel\",\"description\":\"Discover the Philippines\",\"potentialAction\":[{\"@type\":\"SearchAction\",\"target\":{\"@type\":\"EntryPoint\",\"urlTemplate\":\"https:\/\/kapwatravel.com\/?s={search_term_string}\"},\"query-input\":{\"@type\":\"PropertyValueSpecification\",\"valueRequired\":true,\"valueName\":\"search_term_string\"}}],\"inLanguage\":\"de\"}]}<\/script>\n<!-- \/ Yoast SEO plugin. -->","yoast_head_json":{"title":"Stipendium","robots":{"index":"index","follow":"follow","max-snippet":"max-snippet:-1","max-image-preview":"max-image-preview:large","max-video-preview":"max-video-preview:-1"},"canonical":"https:\/\/kapwatravel.com\/de\/unsere-aufgabe\/stipendium\/","og_locale":"de_DE","og_type":"article","og_title":"Stipendium","og_description":"Kapwa Travels Leitbild Wurde mit dem philippinischen Volk konzipiert, vor allem junge, talentierte Studenten in der Tourismusbranche, die finanzielle Unterst\u00fctzung ben\u00f6tigen. \u00c4hnlich wie unsere deutsche Schwestergesellschaft mit ihren Philippinen Tours Scholarship Programme, Wir wollen mindestens einen Sch\u00fcler pro Semester unterst\u00fctzen. Ab sofort unterst\u00fctzen wir bis zu drei Studenten pro Semester. Details zum Bewerbungsprozess folgen in [&hellip;]","og_url":"https:\/\/kapwatravel.com\/de\/unsere-aufgabe\/stipendium\/","og_site_name":"Kapwa Travel","article_modified_time":"2017-03-22T07:53:52+00:00","twitter_card":"summary_large_image","twitter_misc":{"Gesch\u00e4tzte Lesezeit":"1\u00a0Minute"},"schema":{"@context":"https:\/\/schema.org","@graph":[{"@type":"WebPage","@id":"https:\/\/kapwatravel.com\/de\/unsere-aufgabe\/stipendium\/","url":"https:\/\/kapwatravel.com\/de\/unsere-aufgabe\/stipendium\/","name":"Stipendium","isPartOf":{"@id":"https:\/\/kapwatravel.com\/#website"},"datePublished":"2017-03-20T09:26:02+00:00","dateModified":"2017-03-22T07:53:52+00:00","breadcrumb":{"@id":"https:\/\/kapwatravel.com\/de\/unsere-aufgabe\/stipendium\/#breadcrumb"},"inLanguage":"de","potentialAction":[{"@type":"ReadAction","target":["https:\/\/kapwatravel.com\/de\/unsere-aufgabe\/stipendium\/"]}]},{"@type":"BreadcrumbList","@id":"https:\/\/kapwatravel.com\/de\/unsere-aufgabe\/stipendium\/#breadcrumb","itemListElement":[{"@type":"ListItem","position":1,"name":"Home","item":"https:\/\/kapwatravel.com\/de\/"},{"@type":"ListItem","position":2,"name":"Unsere Mission","item":"https:\/\/kapwatravel.com\/de\/unsere-aufgabe\/"},{"@type":"ListItem","position":3,"name":"Stipendium"}]},{"@type":"WebSite","@id":"https:\/\/kapwatravel.com\/#website","url":"https:\/\/kapwatravel.com\/","name":"Kapwa Travel","description":"Discover the Philippines","potentialAction":[{"@type":"SearchAction","target":{"@type":"EntryPoint","urlTemplate":"https:\/\/kapwatravel.com\/?s={search_term_string}"},"query-input":{"@type":"PropertyValueSpecification","valueRequired":true,"valueName":"search_term_string"}}],"inLanguage":"de"}]}},"_links":{"self":[{"href":"https:\/\/kapwatravel.com\/de\/wp-json\/wp\/v2\/pages\/17043","targetHints":{"allow":["GET"]}}],"collection":[{"href":"https:\/\/kapwatravel.com\/de\/wp-json\/wp\/v2\/pages"}],"about":[{"href":"https:\/\/kapwatravel.com\/de\/wp-json\/wp\/v2\/types\/page"}],"author":[{"embeddable":true,"href":"https:\/\/kapwatravel.com\/de\/wp-json\/wp\/v2\/users\/4"}],"replies":[{"embeddable":true,"href":"https:\/\/kapwatravel.com\/de\/wp-json\/wp\/v2\/comments?post=17043"}],"version-history":[{"count":2,"href":"https:\/\/kapwatravel.com\/de\/wp-json\/wp\/v2\/pages\/17043\/revisions"}],"predecessor-version":[{"id":18016,"href":"https:\/\/kapwatravel.com\/de\/wp-json\/wp\/v2\/pages\/17043\/revisions\/18016"}],"up":[{"embeddable":true,"href":"https:\/\/kapwatravel.com\/de\/wp-json\/wp\/v2\/pages\/17021"}],"wp:attachment":[{"href":"https:\/\/kapwatravel.com\/de\/wp-json\/wp\/v2\/media?parent=17043"}],"curies":[{"name":"wp","href":"https:\/\/api.w.org\/{rel}","templated":true}]}}