{"id":17007,"date":"2017-03-20T07:38:51","date_gmt":"2017-03-20T07:38:51","guid":{"rendered":"https:\/\/kapwatravel.com\/?page_id=17007\/"},"modified":"2022-02-15T03:54:50","modified_gmt":"2022-02-15T03:54:50","slug":"ueber-uns","status":"publish","type":"page","link":"https:\/\/kapwatravel.com\/de\/ueber-uns\/","title":{"rendered":"\u00dcber uns"},"content":{"rendered":"<p>[et_pb_section fb_built=&#8220;1&#8243; _builder_version=&#8220;3.22&#8243;][et_pb_row _builder_version=&#8220;3.25&#8243; background_size=&#8220;initial&#8220; background_position=&#8220;top_left&#8220; background_repeat=&#8220;repeat&#8220;][et_pb_column type=&#8220;4_4&#8243; _builder_version=&#8220;3.25&#8243; custom_padding=&#8220;|||&#8220; custom_padding__hover=&#8220;|||&#8220;][et_pb_text _builder_version=&#8220;4.9.4&#8243; hover_enabled=&#8220;0&#8243; sticky_enabled=&#8220;0&#8243;]<\/p>\n<h1>Ueber Uns<\/h1>\n<p>Wir sind ein internationales Reiseunternehmen mit Sitz in Cebu auf den Philippinen. Unsere Teammitglieder sind derzeit u.a.:<\/p>\n<p><img decoding=\"async\" class=\"alignright size-thumbnail wp-image-16525\" src=\"\/wp-content\/uploads\/2014\/03\/john-rueth-profil-150x150.jpg\" alt=\"John Rueth, founder of Kapwa Travel\" width=\"150\" height=\"150\" srcset=\"https:\/\/kapwatravel.com\/wp-content\/uploads\/2014\/03\/john-rueth-profil-150x150.jpg 150w, https:\/\/kapwatravel.com\/wp-content\/uploads\/2014\/03\/john-rueth-profil-298x300.jpg 298w, https:\/\/kapwatravel.com\/wp-content\/uploads\/2014\/03\/john-rueth-profil.jpg 612w\" sizes=\"(max-width: 150px) 100vw, 150px\" \/><strong>John S. Rueth<\/strong>, der in den vergangenen Jahren haupts\u00e4chlich in M\u00fcnchen, Melbourne und in den Visayas lebte. Er hat die Philippinen viele Male von Nord nach S\u00fcd und West nach Ost bereist und insgesamt schon vier Jahre auf den Philippinen verbracht. Zudem hat er einen Reisef\u00fchrer in deutscher Sprache herausgegeben, der \u00fcber Amazon gekauft werden kann.<\/p>\n<p>Er ist zusammen mit Melvin auch Gesch\u00e4ftsf\u00fchrer bei <a href=\"https:\/\/www.philippinen-tours.de\/\" target=\"_blank\" rel=\"nofollow noopener noreferrer\">Philippinen Tours<\/a> und Reiseveranstalter nach deutschem Recht mit Sitz in Bayern. Du kannst John auch auf <a href=\"https:\/\/www.linkedin.com\/in\/john-rueth\/\" target=\"_blank\" rel=\"noopener noreferrer\">LinkedIn<\/a> finden oder eine direkte E-Mail john.s.rueth[at]gmail.com schicken.<\/p>\n<p><strong>Bea<\/strong> wurde auf den Philippinen geboren und wanderte im Teenager-Alter mit ihrer Familie nach Australien aus. Sie hat schon zahlreiche L\u00e4nder aller Kontinente bereist, kehrt aber immer wieder in das Land der \u00fcber 7.600 Inseln zur\u00fcck, da es immer noch mehr zu entdecken gibt.<\/p>\n<p>Sie ist ein gro\u00dfer Fan der Unterwasserwelt &#8211; sowohl Scuba-Diver, erfahrene Schnorchlerin und Surferin. Sie liebt traditionelles philippinisches Essen und nat\u00fcrlich die warmherzigen Inselbewohner. Sie spricht Englisch, Spanisch und Tagalog und arbeitet derzeit daran, ihre Deutschkenntnisse zu verbessern.<\/p>\n<p><strong>Melvin Rueth<\/strong> ist der General Manager bei Kapwa Travel und ebenfalls Gesch\u00e4ftsf\u00fchrer bei Philippinen Tours. Er liebt vor allem das \u00f6stliche Mindanao und andere abgelegene Orte wie den Mount Malindang.<\/p>\n<p><strong>Angelita<\/strong> k\u00fcmmert sich um die Finanzen und die Verwaltung.<\/p>\n<p><strong>Roqueta Sumalinog<\/strong> ist unser Reservations Manager und k\u00fcmmert sich vor allem um Buchungen von Hotels, Tourguides, Transfers und weitere B\u00fcroangelegenheiten.<\/p>\n<p><strong>Ma. Josephine Pongasi<\/strong> assistiert ihr dabei und stellt sicher, dass unsere operations auch wirklich laufen und alle Partner auf dem neuesten Stand sind.<\/p>\n<p><strong>Marimar Sugarol<\/strong> unterst\u00fctzt das Accounting Team und hat sich in kurzer Zeit zu einem wichtigen Team-Mitglied entwickelt.<\/p>\n<p><strong>Cecile Tual<\/strong> hilft mal hier mal dort und absolviert derzeit vor allem noch ihr Accounting-Studium an der University of Cebu, um dem Team in Sachen Finanzen zur Seite stehen zu k\u00f6nnen.<\/p>\n<p><strong>Jane Waldmann<\/strong> ist unsere gute Seele in den USA, erstellt individuelle Rundreisen und ist schon seit vielen Jahren erfahren im Kunden-Service.<\/p>\n<p><strong>Philipp Urban<\/strong> ist einer unserer sales agents, der deutsch-philippinische Wurzeln hat und der Kundenservice sehr gro\u00df schreibt.<\/p>\n<p><strong>Sam Els\u00e4\u00dfer<\/strong> hat ebenfalls deutsch-philippinische Wurzeln, hat allerdings auch Bezug zur Schweiz und kennt sich seit einigen Jahrzehnten mit den Philippinen aus. Er ist u.a. im business development t\u00e4tig, arbeitet liebend gerne als Reiseberater &amp; Tourdesigner und ist immer mit Begeisterung dabei, wenn es um die philippinischen Inseln geht.<\/p>\n<p><strong>Jude<\/strong> ist unser Web-Wizard und unterst\u00fctzt uns in allem, was mit Computern und Internet zu tun hat. Er stellt sicher, dass wir auch in Sachen Web 2.0 und Webtechnologie auf dem neuesten Stand sind.<\/p>\n<p><strong>Giuseppe<\/strong> ist einer unserer italienischen sales agents und lebt wie die meisten Teammitglieder auf Mactan Island.<\/p>\n<p><strong>Robbie Citera<\/strong> ist italienisch-australischer Herkunft und bringt einige Jahre an Tourismuserfahrung mit. Nach unserem letzten &#8222;fam-trip&#8220; quer durch die Visayas kann er unsere G\u00e4ste nun noch besser beraten und sorgt daf\u00fcr, dass <a href=\"\/\">Kapwa Travel<\/a> weiterhin international w\u00e4chst.[\/et_pb_text][\/et_pb_column][\/et_pb_row][\/et_pb_section]<\/p>\n","protected":false},"excerpt":{"rendered":"<p>Ueber Uns Wir sind ein internationales Reiseunternehmen mit Sitz in Cebu auf den Philippinen. Unsere Teammitglieder sind derzeit u.a.: John S. Rueth, der in den vergangenen Jahren haupts\u00e4chlich in M\u00fcnchen, Melbourne und in den Visayas lebte. Er hat die Philippinen viele Male von Nord nach S\u00fcd und West nach Ost bereist und insgesamt schon vier [&hellip;]<\/p>\n","protected":false},"author":4,"featured_media":0,"parent":0,"menu_order":0,"comment_status":"open","ping_status":"open","template":"","meta":{"_et_pb_use_builder":"on","_et_pb_old_content":"","_et_gb_content_width":"","content-type":"","footnotes":""},"class_list":["post-17007","page","type-page","status-publish","hentry"],"yoast_head":"<!-- This site is optimized with the Yoast SEO plugin v27.2 - https:\/\/yoast.com\/product\/yoast-seo-wordpress\/ -->\n<title>\u00dcber uns | Das Team von Kapwa Travel<\/title>\n<meta name=\"robots\" content=\"index, follow, max-snippet:-1, max-image-preview:large, max-video-preview:-1\" \/>\n<link rel=\"canonical\" href=\"https:\/\/kapwatravel.com\/de\/ueber-uns\/\" \/>\n<meta property=\"og:locale\" content=\"de_DE\" \/>\n<meta property=\"og:type\" content=\"article\" \/>\n<meta property=\"og:title\" content=\"\u00dcber uns | Das Team von Kapwa Travel\" \/>\n<meta property=\"og:description\" content=\"Ueber Uns Wir sind ein internationales Reiseunternehmen mit Sitz in Cebu auf den Philippinen. Unsere Teammitglieder sind derzeit u.a.: John S. Rueth, der in den vergangenen Jahren haupts\u00e4chlich in M\u00fcnchen, Melbourne und in den Visayas lebte. Er hat die Philippinen viele Male von Nord nach S\u00fcd und West nach Ost bereist und insgesamt schon vier [&hellip;]\" \/>\n<meta property=\"og:url\" content=\"https:\/\/kapwatravel.com\/de\/ueber-uns\/\" \/>\n<meta property=\"og:site_name\" content=\"Kapwa Travel\" \/>\n<meta property=\"article:modified_time\" content=\"2022-02-15T03:54:50+00:00\" \/>\n<meta name=\"twitter:card\" content=\"summary_large_image\" \/>\n<meta name=\"twitter:label1\" content=\"Gesch\u00e4tzte Lesezeit\" \/>\n\t<meta name=\"twitter:data1\" content=\"3\u00a0Minuten\" \/>\n<script type=\"application\/ld+json\" class=\"yoast-schema-graph\">{\"@context\":\"https:\/\/schema.org\",\"@graph\":[{\"@type\":\"WebPage\",\"@id\":\"https:\/\/kapwatravel.com\/de\/ueber-uns\/\",\"url\":\"https:\/\/kapwatravel.com\/de\/ueber-uns\/\",\"name\":\"\u00dcber uns | Das Team von Kapwa Travel\",\"isPartOf\":{\"@id\":\"https:\/\/kapwatravel.com\/#website\"},\"datePublished\":\"2017-03-20T07:38:51+00:00\",\"dateModified\":\"2022-02-15T03:54:50+00:00\",\"breadcrumb\":{\"@id\":\"https:\/\/kapwatravel.com\/de\/ueber-uns\/#breadcrumb\"},\"inLanguage\":\"de\",\"potentialAction\":[{\"@type\":\"ReadAction\",\"target\":[\"https:\/\/kapwatravel.com\/de\/ueber-uns\/\"]}]},{\"@type\":\"BreadcrumbList\",\"@id\":\"https:\/\/kapwatravel.com\/de\/ueber-uns\/#breadcrumb\",\"itemListElement\":[{\"@type\":\"ListItem\",\"position\":1,\"name\":\"Home\",\"item\":\"https:\/\/kapwatravel.com\/de\/\"},{\"@type\":\"ListItem\",\"position\":2,\"name\":\"\u00dcber uns\"}]},{\"@type\":\"WebSite\",\"@id\":\"https:\/\/kapwatravel.com\/#website\",\"url\":\"https:\/\/kapwatravel.com\/\",\"name\":\"Kapwa Travel\",\"description\":\"Discover the Philippines\",\"potentialAction\":[{\"@type\":\"SearchAction\",\"target\":{\"@type\":\"EntryPoint\",\"urlTemplate\":\"https:\/\/kapwatravel.com\/?s={search_term_string}\"},\"query-input\":{\"@type\":\"PropertyValueSpecification\",\"valueRequired\":true,\"valueName\":\"search_term_string\"}}],\"inLanguage\":\"de\"}]}<\/script>\n<!-- \/ Yoast SEO plugin. -->","yoast_head_json":{"title":"\u00dcber uns | Das Team von Kapwa Travel","robots":{"index":"index","follow":"follow","max-snippet":"max-snippet:-1","max-image-preview":"max-image-preview:large","max-video-preview":"max-video-preview:-1"},"canonical":"https:\/\/kapwatravel.com\/de\/ueber-uns\/","og_locale":"de_DE","og_type":"article","og_title":"\u00dcber uns | Das Team von Kapwa Travel","og_description":"Ueber Uns Wir sind ein internationales Reiseunternehmen mit Sitz in Cebu auf den Philippinen. Unsere Teammitglieder sind derzeit u.a.: John S. Rueth, der in den vergangenen Jahren haupts\u00e4chlich in M\u00fcnchen, Melbourne und in den Visayas lebte. Er hat die Philippinen viele Male von Nord nach S\u00fcd und West nach Ost bereist und insgesamt schon vier [&hellip;]","og_url":"https:\/\/kapwatravel.com\/de\/ueber-uns\/","og_site_name":"Kapwa Travel","article_modified_time":"2022-02-15T03:54:50+00:00","twitter_card":"summary_large_image","twitter_misc":{"Gesch\u00e4tzte Lesezeit":"3\u00a0Minuten"},"schema":{"@context":"https:\/\/schema.org","@graph":[{"@type":"WebPage","@id":"https:\/\/kapwatravel.com\/de\/ueber-uns\/","url":"https:\/\/kapwatravel.com\/de\/ueber-uns\/","name":"\u00dcber uns | Das Team von Kapwa Travel","isPartOf":{"@id":"https:\/\/kapwatravel.com\/#website"},"datePublished":"2017-03-20T07:38:51+00:00","dateModified":"2022-02-15T03:54:50+00:00","breadcrumb":{"@id":"https:\/\/kapwatravel.com\/de\/ueber-uns\/#breadcrumb"},"inLanguage":"de","potentialAction":[{"@type":"ReadAction","target":["https:\/\/kapwatravel.com\/de\/ueber-uns\/"]}]},{"@type":"BreadcrumbList","@id":"https:\/\/kapwatravel.com\/de\/ueber-uns\/#breadcrumb","itemListElement":[{"@type":"ListItem","position":1,"name":"Home","item":"https:\/\/kapwatravel.com\/de\/"},{"@type":"ListItem","position":2,"name":"\u00dcber uns"}]},{"@type":"WebSite","@id":"https:\/\/kapwatravel.com\/#website","url":"https:\/\/kapwatravel.com\/","name":"Kapwa Travel","description":"Discover the Philippines","potentialAction":[{"@type":"SearchAction","target":{"@type":"EntryPoint","urlTemplate":"https:\/\/kapwatravel.com\/?s={search_term_string}"},"query-input":{"@type":"PropertyValueSpecification","valueRequired":true,"valueName":"search_term_string"}}],"inLanguage":"de"}]}},"_links":{"self":[{"href":"https:\/\/kapwatravel.com\/de\/wp-json\/wp\/v2\/pages\/17007","targetHints":{"allow":["GET"]}}],"collection":[{"href":"https:\/\/kapwatravel.com\/de\/wp-json\/wp\/v2\/pages"}],"about":[{"href":"https:\/\/kapwatravel.com\/de\/wp-json\/wp\/v2\/types\/page"}],"author":[{"embeddable":true,"href":"https:\/\/kapwatravel.com\/de\/wp-json\/wp\/v2\/users\/4"}],"replies":[{"embeddable":true,"href":"https:\/\/kapwatravel.com\/de\/wp-json\/wp\/v2\/comments?post=17007"}],"version-history":[{"count":10,"href":"https:\/\/kapwatravel.com\/de\/wp-json\/wp\/v2\/pages\/17007\/revisions"}],"predecessor-version":[{"id":42584,"href":"https:\/\/kapwatravel.com\/de\/wp-json\/wp\/v2\/pages\/17007\/revisions\/42584"}],"wp:attachment":[{"href":"https:\/\/kapwatravel.com\/de\/wp-json\/wp\/v2\/media?parent=17007"}],"curies":[{"name":"wp","href":"https:\/\/api.w.org\/{rel}","templated":true}]}}